{"id":108438,"date":"2022-07-07T09:02:51","date_gmt":"2022-07-07T07:02:51","guid":{"rendered":"https:\/\/www.pellegattamobili.com\/idee-arredo\/"},"modified":"2024-03-13T16:27:02","modified_gmt":"2024-03-13T15:27:02","slug":"idee-arredo","status":"publish","type":"page","link":"https:\/\/www.pellegattamobili.com\/de\/idee-arredo\/","title":{"rendered":"Einrichtungsideen"},"content":{"rendered":"<p>[vc_row][vc_column width=&#8220;1\/1&#8243;][vc_column_text uncode_shortcode_id=&#8220;648400&#8243;]<\/p>\n<h1 style=\"font-family: 'Lora', serif; font-size: 30px; line-height: 30px; font-weight: 400;\">Entdecken Sie Einzigartigkeit: M\u00f6bel f\u00fcr au\u00dfergew\u00f6hnliche Einrichtungen<\/h1>\n<h2 style=\"font-size: 20px; font-weight: 400;\">Originelle Ideen, um Ihren Raum in ein Designmeisterwerk zu verwandeln<\/h2>\n<p style=\"font-family: 'Lora', serif; font-size: 15px; font-weight: 400;\">Entdecken Sie innovative M\u00f6bel, erstaunliche Accessoires und avantgardistische Designs, die traditionelle Schemata durchbrechen. Wir sind hier, um Sie zu inspirieren, eine Umgebung zu schaffen, die Ihre Pers\u00f6nlichkeit und Ihre einzigartige Stilvision widerspiegelt. Erkunden Sie unsere Vorschl\u00e4ge f\u00fcr besondere Einrichtungsideen und verwandeln Sie Ihren Raum in etwas wirklich Au\u00dfergew\u00f6hnliches!<\/p>\n<p>[\/vc_column_text][\/vc_column][\/vc_row][vc_row unlock_row_content=&#8220;yes&#8220; row_height_percent=&#8220;0&#8243; override_padding=&#8220;yes&#8220; h_padding=&#8220;5&#8243; top_padding=&#8220;2&#8243; bottom_padding=&#8220;0&#8243; back_color=&#8220;color-lxmt&#8220; overlay_alpha=&#8220;50&#8243; equal_height=&#8220;yes&#8220; gutter_size=&#8220;4&#8243; column_width_percent=&#8220;100&#8243; shift_y=&#8220;0&#8243; z_index=&#8220;0&#8243; uncode_shortcode_id=&#8220;993944&#8243; back_color_type=&#8220;uncode-palette&#8220;][vc_column column_width_percent=&#8220;100&#8243; align_horizontal=&#8220;align_center&#8220; gutter_size=&#8220;0&#8243; overlay_alpha=&#8220;50&#8243; shift_x=&#8220;0&#8243; shift_y=&#8220;0&#8243; shift_y_down=&#8220;0&#8243; z_index=&#8220;0&#8243; medium_width=&#8220;0&#8243; mobile_width=&#8220;0&#8243; css_animation=&#8220;left-t-right&#8220; animation_speed=&#8220;1000&#8243; width=&#8220;1\/1&#8243; uncode_shortcode_id=&#8220;943084&#8243;][vc_column_text text_lead=&#8220;yes&#8220; uncode_shortcode_id=&#8220;105120&#8243;]<\/p>\n<h3 style=\"text-align: center;\">Einrichtungsideen<\/h3>\n<p>[\/vc_column_text][vc_empty_space empty_h=&#8220;2&#8243;][uncode_index el_id=&#8220;index-477819&#8243; loop=&#8220;size:50|order_by:title|order:ASC|post_type:portfolio|tax_query:131|taxonomy_count:10&#8243; style_preset=&#8220;metro&#8220; screen_lg=&#8220;1000&#8243; screen_md=&#8220;600&#8243; screen_sm=&#8220;480&#8243; gutter_size=&#8220;3&#8243; portfolio_items=&#8220;media|featured|onpost|original,title&#8220; single_height=&#8220;3&#8243; single_overlay_opacity=&#8220;50&#8243; single_h_align=&#8220;center&#8220; single_padding=&#8220;2&#8243; custom_order=&#8220;yes&#8220; uncode_shortcode_id=&#8220;162928&#8243; order_ids=&#8220;108374,108377,108371,108385,108388&#8243;][vc_empty_space empty_h=&#8220;2&#8243;][\/vc_column][\/vc_row]<\/p>\n","protected":false},"excerpt":{"rendered":"<p>[vc_row][vc_column width=&#8220;1\/1&#8243;][vc_column_text uncode_shortcode_id=&#8220;648400&#8243;] Entdecken Sie Einzigartigkeit: M\u00f6bel f\u00fcr au\u00dfergew\u00f6hnliche Einrichtungen Originelle Ideen, um Ihren Raum in ein Designmeisterwerk zu verwandeln [&hellip;]<\/p>\n","protected":false},"author":5,"featured_media":0,"parent":0,"menu_order":0,"comment_status":"closed","ping_status":"closed","template":"","meta":{"footnotes":""},"class_list":["post-108438","page","type-page","status-publish","hentry","page_category-classic-de"],"_links":{"self":[{"href":"https:\/\/www.pellegattamobili.com\/de\/wp-json\/wp\/v2\/pages\/108438","targetHints":{"allow":["GET"]}}],"collection":[{"href":"https:\/\/www.pellegattamobili.com\/de\/wp-json\/wp\/v2\/pages"}],"about":[{"href":"https:\/\/www.pellegattamobili.com\/de\/wp-json\/wp\/v2\/types\/page"}],"author":[{"embeddable":true,"href":"https:\/\/www.pellegattamobili.com\/de\/wp-json\/wp\/v2\/users\/5"}],"replies":[{"embeddable":true,"href":"https:\/\/www.pellegattamobili.com\/de\/wp-json\/wp\/v2\/comments?post=108438"}],"version-history":[{"count":3,"href":"https:\/\/www.pellegattamobili.com\/de\/wp-json\/wp\/v2\/pages\/108438\/revisions"}],"predecessor-version":[{"id":110074,"href":"https:\/\/www.pellegattamobili.com\/de\/wp-json\/wp\/v2\/pages\/108438\/revisions\/110074"}],"wp:attachment":[{"href":"https:\/\/www.pellegattamobili.com\/de\/wp-json\/wp\/v2\/media?parent=108438"}],"curies":[{"name":"wp","href":"https:\/\/api.w.org\/{rel}","templated":true}]}}