{"id":108189,"date":"2022-07-07T08:23:14","date_gmt":"2022-07-07T06:23:14","guid":{"rendered":"https:\/\/www.pellegattamobili.com\/camerette-ragazze-2\/"},"modified":"2024-03-13T16:13:06","modified_gmt":"2024-03-13T15:13:06","slug":"camerette-ragazze","status":"publish","type":"page","link":"https:\/\/www.pellegattamobili.com\/de\/camerette-ragazze\/","title":{"rendered":"M\u00e4dchenzimmer"},"content":{"rendered":"<p>[vc_row][vc_column width=&#8220;1\/1&#8243;][vc_column_text uncode_shortcode_id=&#8220;850688&#8243;]<\/p>\n<h1 style=\"font-family: 'Lora', serif; font-size: 30px; font-weight: 400;\">Eleganz und Stil: M\u00e4dchenzimmer<\/h1>\n<h3 style=\"font-size: 15px; font-weight: 400;\">Entdecken Sie gem\u00fctliche Betten, elegante Schreibtische, dekorative Lampen und Accessoires, die die Kreativit\u00e4t anregen und jedes M\u00e4dchenzimmer zu einem besonderen Ort machen. Wir sind hier, um Ihnen zu helfen, den t\u00e4glichen Ablauf in ein Abenteuer von Stil und Komfort zu verwandeln. Beginnen Sie noch heute die Reise in die Welt der M\u00e4dchenzimmer-Einrichtung!<\/h3>\n<h2 style=\"font-family: 'Lora', serif; font-size: 20px; font-weight: 400;\">Entdecken Sie unsere Kollektion eleganter und funktionaler M\u00f6bel, um das perfekte M\u00e4dchenzimmer zu gestalten.<\/h2>\n<p>[\/vc_column_text][\/vc_column][\/vc_row][vc_row unlock_row_content=&#8220;yes&#8220; row_height_percent=&#8220;0&#8243; override_padding=&#8220;yes&#8220; h_padding=&#8220;5&#8243; top_padding=&#8220;2&#8243; bottom_padding=&#8220;0&#8243; back_color=&#8220;color-lxmt&#8220; overlay_alpha=&#8220;50&#8243; equal_height=&#8220;yes&#8220; gutter_size=&#8220;4&#8243; column_width_percent=&#8220;100&#8243; shift_y=&#8220;0&#8243; z_index=&#8220;0&#8243; uncode_shortcode_id=&#8220;993944&#8243; back_color_type=&#8220;uncode-palette&#8220;][vc_column column_width_percent=&#8220;100&#8243; align_horizontal=&#8220;align_center&#8220; gutter_size=&#8220;0&#8243; overlay_alpha=&#8220;50&#8243; shift_x=&#8220;0&#8243; shift_y=&#8220;0&#8243; shift_y_down=&#8220;0&#8243; z_index=&#8220;0&#8243; medium_width=&#8220;0&#8243; mobile_width=&#8220;0&#8243; css_animation=&#8220;left-t-right&#8220; animation_speed=&#8220;1000&#8243; width=&#8220;1\/1&#8243; uncode_shortcode_id=&#8220;943084&#8243;][vc_column_text text_lead=&#8220;yes&#8220; uncode_shortcode_id=&#8220;177479&#8243;]<\/p>\n<h3 style=\"text-align: center;\">M\u00e4dchenzimmer<\/h3>\n<p>[\/vc_column_text][vc_empty_space empty_h=&#8220;2&#8243;][uncode_index el_id=&#8220;index-477819&#8243; loop=&#8220;size:50|order_by:title|order:ASC|post_type:portfolio|taxonomy_count:10&#8243; style_preset=&#8220;metro&#8220; screen_lg=&#8220;1000&#8243; screen_md=&#8220;600&#8243; screen_sm=&#8220;480&#8243; gutter_size=&#8220;3&#8243; portfolio_items=&#8220;media|featured|onpost|original,title&#8220; single_height=&#8220;3&#8243; single_overlay_opacity=&#8220;50&#8243; single_h_align=&#8220;center&#8220; single_padding=&#8220;2&#8243; custom_order=&#8220;yes&#8220; uncode_shortcode_id=&#8220;147581&#8243; order_ids=&#8220;108228,108291,108191,108329,108332,108336,108371,108391,108195,108374,108377,108197,108199,108295,108299,108340,108212,108216,108266,108269,108346,108220,108307,108312,108349,108315,108232,108352,108395,108356,108271,108275,108318,108359,108278,108236,108240,108243,108281,108246,108398,108362,108385,108401,108250,108254,108322,108258,108284,108388&#8243;][vc_empty_space empty_h=&#8220;2&#8243;][\/vc_column][\/vc_row]<\/p>\n","protected":false},"excerpt":{"rendered":"<p>[vc_row][vc_column width=&#8220;1\/1&#8243;][vc_column_text uncode_shortcode_id=&#8220;850688&#8243;] Eleganz und Stil: M\u00e4dchenzimmer Entdecken Sie gem\u00fctliche Betten, elegante Schreibtische, dekorative Lampen und Accessoires, die die Kreativit\u00e4t [&hellip;]<\/p>\n","protected":false},"author":5,"featured_media":0,"parent":0,"menu_order":0,"comment_status":"closed","ping_status":"closed","template":"","meta":{"footnotes":""},"class_list":["post-108189","page","type-page","status-publish","hentry","page_category-classic-de"],"_links":{"self":[{"href":"https:\/\/www.pellegattamobili.com\/de\/wp-json\/wp\/v2\/pages\/108189","targetHints":{"allow":["GET"]}}],"collection":[{"href":"https:\/\/www.pellegattamobili.com\/de\/wp-json\/wp\/v2\/pages"}],"about":[{"href":"https:\/\/www.pellegattamobili.com\/de\/wp-json\/wp\/v2\/types\/page"}],"author":[{"embeddable":true,"href":"https:\/\/www.pellegattamobili.com\/de\/wp-json\/wp\/v2\/users\/5"}],"replies":[{"embeddable":true,"href":"https:\/\/www.pellegattamobili.com\/de\/wp-json\/wp\/v2\/comments?post=108189"}],"version-history":[{"count":6,"href":"https:\/\/www.pellegattamobili.com\/de\/wp-json\/wp\/v2\/pages\/108189\/revisions"}],"predecessor-version":[{"id":110065,"href":"https:\/\/www.pellegattamobili.com\/de\/wp-json\/wp\/v2\/pages\/108189\/revisions\/110065"}],"wp:attachment":[{"href":"https:\/\/www.pellegattamobili.com\/de\/wp-json\/wp\/v2\/media?parent=108189"}],"curies":[{"name":"wp","href":"https:\/\/api.w.org\/{rel}","templated":true}]}}