{"id":108185,"date":"2021-11-23T09:08:36","date_gmt":"2021-11-23T08:08:36","guid":{"rendered":"https:\/\/www.pellegattamobili.com\/prodotti\/"},"modified":"2024-03-06T16:34:19","modified_gmt":"2024-03-06T15:34:19","slug":"prodotti","status":"publish","type":"page","link":"https:\/\/www.pellegattamobili.com\/de\/prodotti\/","title":{"rendered":"Produkte"},"content":{"rendered":"<p>[vc_row][vc_column width=&#8220;1\/1&#8243;][vc_column_text uncode_shortcode_id=&#8220;193544&#8243;]<\/p>\n<h1 style=\"font-family: 'Lora', serif; font-size: 30px; line-height: 30px; font-weight: 400;\">Geben Sie Ihren Ideen Leben: Ma\u00dfgeschneiderte M\u00f6bel von Pellegatta.<\/h1>\n<h2 style=\"font-size: 20px; font-weight: 400;\">Schaffen Sie eine exklusive Umgebung mit ma\u00dfgeschneiderten L\u00f6sungen.<\/h2>\n<p style=\"font-family: 'Lora', serif; font-size: 15px; font-weight: 400;\">Dein Zuhause verdient M\u00f6bel, die deine Geschichte erz\u00e4hlen und alle deine Bed\u00fcrfnisse erf\u00fcllen. Verwandle deine Idee in Realit\u00e4t mit ma\u00dfgeschneiderter M\u00f6belgestaltung. Beginne deine Reise zu einer einzigartigen und authentischen Umgebung noch heute.<\/p>\n<p>[\/vc_column_text][\/vc_column][\/vc_row][vc_row unlock_row_content=&#8220;yes&#8220; row_height_percent=&#8220;0&#8243; override_padding=&#8220;yes&#8220; h_padding=&#8220;5&#8243; top_padding=&#8220;2&#8243; bottom_padding=&#8220;0&#8243; back_color=&#8220;color-lxmt&#8220; overlay_alpha=&#8220;50&#8243; equal_height=&#8220;yes&#8220; gutter_size=&#8220;4&#8243; column_width_percent=&#8220;100&#8243; shift_y=&#8220;0&#8243; z_index=&#8220;0&#8243; uncode_shortcode_id=&#8220;993944&#8243; back_color_type=&#8220;uncode-palette&#8220;][vc_column column_width_percent=&#8220;100&#8243; align_horizontal=&#8220;align_center&#8220; gutter_size=&#8220;0&#8243; overlay_alpha=&#8220;50&#8243; shift_x=&#8220;0&#8243; shift_y=&#8220;0&#8243; shift_y_down=&#8220;0&#8243; z_index=&#8220;0&#8243; medium_width=&#8220;0&#8243; mobile_width=&#8220;0&#8243; css_animation=&#8220;left-t-right&#8220; animation_speed=&#8220;1000&#8243; width=&#8220;1\/3&#8243; uncode_shortcode_id=&#8220;943084&#8243;][vc_single_image media=&#8220;103288&#8243; media_width_percent=&#8220;100&#8243; uncode_shortcode_id=&#8220;202542&#8243; media_link=&#8220;url:https%3A%2F%2Fwww.pellegattamobili.com%2Fde%2Fcamerette-ragazze%2F&#8220;][vc_button size=&#8220;btn-xl&#8220; wide=&#8220;yes&#8220; text_skin=&#8220;yes&#8220; custom_typo=&#8220;yes&#8220; font_family=&#8220;font-175345&#8243; font_weight=&#8220;600&#8243; border_width=&#8220;0&#8243; button_color_type=&#8220;uncode-solid&#8220; button_color_solid=&#8220;#ddc4c3&#8243; uncode_shortcode_id=&#8220;171894&#8243; link=&#8220;url:https%3A%2F%2Fwww.pellegattamobili.com%2Fcamerette-ragazze%2F&#8220;]M\u00e4dchenzimmer[\/vc_button][\/vc_column][vc_column column_width_percent=&#8220;100&#8243; align_horizontal=&#8220;align_center&#8220; gutter_size=&#8220;0&#8243; font_family=&#8220;font-613363&#8243; overlay_alpha=&#8220;50&#8243; shift_x=&#8220;0&#8243; shift_y=&#8220;0&#8243; shift_y_down=&#8220;0&#8243; z_index=&#8220;2&#8243; medium_width=&#8220;0&#8243; mobile_width=&#8220;0&#8243; css_animation=&#8220;alpha-anim&#8220; animation_speed=&#8220;1000&#8243; animation_delay=&#8220;200&#8243; width=&#8220;1\/3&#8243; uncode_shortcode_id=&#8220;591766&#8243;][vc_single_image media=&#8220;103289&#8243; media_width_percent=&#8220;100&#8243; uncode_shortcode_id=&#8220;371892&#8243; media_link=&#8220;url:https%3A%2F%2Fwww.pellegattamobili.com%2Fde%2Fcamerette-ragazzi%2F&#8220;][vc_button size=&#8220;btn-xl&#8220; wide=&#8220;yes&#8220; text_skin=&#8220;yes&#8220; custom_typo=&#8220;yes&#8220; font_family=&#8220;font-175345&#8243; font_weight=&#8220;600&#8243; border_width=&#8220;0&#8243; button_color_type=&#8220;uncode-solid&#8220; button_color_solid=&#8220;#c7d0d3&#8243; uncode_shortcode_id=&#8220;118935&#8243; link=&#8220;url:%20https%3A%2F%2Fwww.pellegattamobili.com%2Fcamerette-ragazzi%2F&#8220;]Jungenzimmer[\/vc_button][\/vc_column][vc_column column_width_percent=&#8220;100&#8243; align_horizontal=&#8220;align_center&#8220; gutter_size=&#8220;0&#8243; overlay_alpha=&#8220;50&#8243; shift_x=&#8220;0&#8243; shift_y=&#8220;0&#8243; shift_y_down=&#8220;0&#8243; z_index=&#8220;0&#8243; medium_width=&#8220;0&#8243; mobile_width=&#8220;0&#8243; css_animation=&#8220;right-t-left&#8220; animation_speed=&#8220;1000&#8243; animation_delay=&#8220;400&#8243; width=&#8220;1\/3&#8243; uncode_shortcode_id=&#8220;885160&#8243;][vc_single_image media=&#8220;100936&#8243; media_width_percent=&#8220;100&#8243; uncode_shortcode_id=&#8220;138326&#8243; media_link=&#8220;url:https%3A%2F%2Fwww.pellegattamobili.com%2Fde%2Fmatrimoniali%2F&#8220;][vc_button size=&#8220;btn-xl&#8220; wide=&#8220;yes&#8220; text_skin=&#8220;yes&#8220; custom_typo=&#8220;yes&#8220; font_family=&#8220;font-175345&#8243; font_weight=&#8220;600&#8243; border_width=&#8220;0&#8243; button_color_type=&#8220;uncode-solid&#8220; button_color_solid=&#8220;#c8d9c4&#8243; uncode_shortcode_id=&#8220;332760&#8243; link=&#8220;url:https%3A%2F%2Fwww.pellegattamobili.com%2Fde%2Fmatrimoniali%2F&#8220;]Hochzeiten[\/vc_button][\/vc_column][\/vc_row][vc_row unlock_row_content=&#8220;yes&#8220; row_height_percent=&#8220;0&#8243; override_padding=&#8220;yes&#8220; h_padding=&#8220;5&#8243; top_padding=&#8220;2&#8243; bottom_padding=&#8220;2&#8243; back_color=&#8220;color-lxmt&#8220; overlay_alpha=&#8220;50&#8243; equal_height=&#8220;yes&#8220; gutter_size=&#8220;4&#8243; column_width_percent=&#8220;100&#8243; shift_y=&#8220;0&#8243; z_index=&#8220;0&#8243; uncode_shortcode_id=&#8220;191342&#8243; back_color_type=&#8220;uncode-palette&#8220;][vc_column column_width_percent=&#8220;100&#8243; align_horizontal=&#8220;align_center&#8220; gutter_size=&#8220;0&#8243; overlay_alpha=&#8220;50&#8243; shift_x=&#8220;0&#8243; shift_y=&#8220;0&#8243; shift_y_down=&#8220;0&#8243; z_index=&#8220;0&#8243; medium_width=&#8220;0&#8243; mobile_width=&#8220;0&#8243; css_animation=&#8220;left-t-right&#8220; animation_speed=&#8220;1000&#8243; width=&#8220;1\/3&#8243; uncode_shortcode_id=&#8220;943084&#8243;][vc_single_image media=&#8220;103495&#8243; media_width_percent=&#8220;100&#8243; uncode_shortcode_id=&#8220;167068&#8243; media_link=&#8220;url:https%3A%2F%2Fwww.pellegattamobili.com%2Fde%2Farmadi-a-ponte%2F&#8220;][vc_button size=&#8220;btn-xl&#8220; wide=&#8220;yes&#8220; text_skin=&#8220;yes&#8220; custom_typo=&#8220;yes&#8220; font_family=&#8220;font-175345&#8243; font_weight=&#8220;600&#8243; border_width=&#8220;0&#8243; button_color_type=&#8220;uncode-solid&#8220; button_color_solid=&#8220;#e7d6be&#8220; uncode_shortcode_id=&#8220;264669&#8243; link=&#8220;url:https%3A%2F%2Fwww.pellegattamobili.com%2Fde%2Farmadi-a-ponte%2F&#8220;]Br\u00fcckenschr\u00e4nke[\/vc_button][\/vc_column][vc_column column_width_percent=&#8220;100&#8243; align_horizontal=&#8220;align_center&#8220; gutter_size=&#8220;0&#8243; font_family=&#8220;font-613363&#8243; overlay_alpha=&#8220;50&#8243; shift_x=&#8220;0&#8243; shift_y=&#8220;0&#8243; shift_y_down=&#8220;0&#8243; z_index=&#8220;2&#8243; medium_width=&#8220;0&#8243; mobile_width=&#8220;0&#8243; css_animation=&#8220;alpha-anim&#8220; animation_speed=&#8220;1000&#8243; animation_delay=&#8220;200&#8243; width=&#8220;1\/3&#8243; uncode_shortcode_id=&#8220;591766&#8243;][vc_single_image media=&#8220;100939&#8243; media_width_percent=&#8220;100&#8243; uncode_shortcode_id=&#8220;939060&#8243; media_link=&#8220;url:https%3A%2F%2Fwww.pellegattamobili.com%2Fde%2Fidee-arredo%2F&#8220;][vc_button size=&#8220;btn-xl&#8220; wide=&#8220;yes&#8220; text_skin=&#8220;yes&#8220; custom_typo=&#8220;yes&#8220; font_family=&#8220;font-175345&#8243; font_weight=&#8220;600&#8243; border_width=&#8220;0&#8243; button_color_type=&#8220;uncode-solid&#8220; button_color_solid=&#8220;#d3cec3&#8243; uncode_shortcode_id=&#8220;334456&#8243; link=&#8220;url:https%3A%2F%2Fwww.pellegattamobili.com%2Fde%2Fidee-arredo%2F&#8220;]Einrichtungsideen[\/vc_button][\/vc_column][vc_column column_width_percent=&#8220;100&#8243; align_horizontal=&#8220;align_center&#8220; gutter_size=&#8220;0&#8243; overlay_alpha=&#8220;50&#8243; shift_x=&#8220;0&#8243; shift_y=&#8220;0&#8243; shift_y_down=&#8220;0&#8243; z_index=&#8220;0&#8243; medium_width=&#8220;0&#8243; mobile_width=&#8220;0&#8243; css_animation=&#8220;right-t-left&#8220; animation_speed=&#8220;1000&#8243; animation_delay=&#8220;400&#8243; width=&#8220;1\/3&#8243; uncode_shortcode_id=&#8220;885160&#8243;][vc_single_image media=&#8220;100940&#8243; media_width_percent=&#8220;100&#8243; uncode_shortcode_id=&#8220;725318&#8243; media_link=&#8220;url:https%3A%2F%2Fwww.pellegattamobili.com%2Fde%2Fprogetti-su-misura%2F&#8220;][vc_button size=&#8220;btn-xl&#8220; wide=&#8220;yes&#8220; text_skin=&#8220;yes&#8220; custom_typo=&#8220;yes&#8220; font_family=&#8220;font-175345&#8243; font_weight=&#8220;600&#8243; border_width=&#8220;0&#8243; button_color_type=&#8220;uncode-solid&#8220; button_color_solid=&#8220;#d5c4d8&#8243; uncode_shortcode_id=&#8220;215696&#8243; link=&#8220;url:https%3A%2F%2Fwww.pellegattamobili.com%2Fde%2Fprogetti-su-misura%2F&#8220;]Ma\u00dfgeschneiderte Projekte[\/vc_button][\/vc_column][\/vc_row]<\/p>\n","protected":false},"excerpt":{"rendered":"<p>[vc_row][vc_column width=&#8220;1\/1&#8243;][vc_column_text uncode_shortcode_id=&#8220;193544&#8243;] Geben Sie Ihren Ideen Leben: Ma\u00dfgeschneiderte M\u00f6bel von Pellegatta. Schaffen Sie eine exklusive Umgebung mit ma\u00dfgeschneiderten L\u00f6sungen. [&hellip;]<\/p>\n","protected":false},"author":5,"featured_media":106936,"parent":0,"menu_order":0,"comment_status":"open","ping_status":"closed","template":"","meta":{"footnotes":""},"class_list":["post-108185","page","type-page","status-publish","has-post-thumbnail","hentry","page_category-classic-de"],"_links":{"self":[{"href":"https:\/\/www.pellegattamobili.com\/de\/wp-json\/wp\/v2\/pages\/108185","targetHints":{"allow":["GET"]}}],"collection":[{"href":"https:\/\/www.pellegattamobili.com\/de\/wp-json\/wp\/v2\/pages"}],"about":[{"href":"https:\/\/www.pellegattamobili.com\/de\/wp-json\/wp\/v2\/types\/page"}],"author":[{"embeddable":true,"href":"https:\/\/www.pellegattamobili.com\/de\/wp-json\/wp\/v2\/users\/5"}],"replies":[{"embeddable":true,"href":"https:\/\/www.pellegattamobili.com\/de\/wp-json\/wp\/v2\/comments?post=108185"}],"version-history":[{"count":7,"href":"https:\/\/www.pellegattamobili.com\/de\/wp-json\/wp\/v2\/pages\/108185\/revisions"}],"predecessor-version":[{"id":109442,"href":"https:\/\/www.pellegattamobili.com\/de\/wp-json\/wp\/v2\/pages\/108185\/revisions\/109442"}],"wp:featuredmedia":[{"embeddable":true,"href":"https:\/\/www.pellegattamobili.com\/de\/wp-json\/wp\/v2\/media\/106936"}],"wp:attachment":[{"href":"https:\/\/www.pellegattamobili.com\/de\/wp-json\/wp\/v2\/media?parent=108185"}],"curies":[{"name":"wp","href":"https:\/\/api.w.org\/{rel}","templated":true}]}}