{"id":108173,"date":"2021-11-23T09:03:16","date_gmt":"2021-11-23T08:03:16","guid":{"rendered":"https:\/\/www.pellegattamobili.com\/progetto\/"},"modified":"2023-01-24T16:46:53","modified_gmt":"2023-01-24T15:46:53","slug":"progetto","status":"publish","type":"page","link":"https:\/\/www.pellegattamobili.com\/de\/progetto\/","title":{"rendered":"Ihr Projekt"},"content":{"rendered":"<p>[vc_row row_height_percent=&#8220;0&#8243; override_padding=&#8220;yes&#8220; h_padding=&#8220;2&#8243; top_padding=&#8220;2&#8243; bottom_padding=&#8220;2&#8243; back_color=&#8220;color-xsdn&#8220; overlay_alpha=&#8220;50&#8243; gutter_size=&#8220;4&#8243; column_width_percent=&#8220;100&#8243; shift_y=&#8220;0&#8243; z_index=&#8220;0&#8243; uncode_shortcode_id=&#8220;194358&#8243; back_color_type=&#8220;uncode-palette&#8220;][vc_column column_width_percent=&#8220;100&#8243; gutter_size=&#8220;3&#8243; overlay_alpha=&#8220;50&#8243; shift_x=&#8220;0&#8243; shift_y=&#8220;0&#8243; shift_y_down=&#8220;0&#8243; z_index=&#8220;0&#8243; medium_visibility=&#8220;yes&#8220; medium_width=&#8220;0&#8243; mobile_visibility=&#8220;yes&#8220; mobile_width=&#8220;0&#8243; width=&#8220;3\/12&#8243; uncode_shortcode_id=&#8220;127371&#8243;][\/vc_column][vc_column width=&#8220;9\/12&#8243;][vc_custom_heading heading_semantic=&#8220;h1&#8243; text_font=&#8220;font-175345&#8243; text_size=&#8220;fontsize-155944&#8243; text_weight=&#8220;400&#8243; text_height=&#8220;fontheight-357766&#8243; uncode_shortcode_id=&#8220;246670&#8243;]Einzigartige und ma\u00dfgeschneiderte L\u00f6sungen[\/vc_custom_heading][\/vc_column][\/vc_row][vc_row row_height_percent=&#8220;0&#8243; override_padding=&#8220;yes&#8220; h_padding=&#8220;2&#8243; top_padding=&#8220;2&#8243; bottom_padding=&#8220;2&#8243; back_color=&#8220;color-xsdn&#8220; overlay_alpha=&#8220;50&#8243; gutter_size=&#8220;4&#8243; column_width_percent=&#8220;100&#8243; shift_y=&#8220;0&#8243; z_index=&#8220;0&#8243; uncode_shortcode_id=&#8220;194358&#8243; back_color_type=&#8220;uncode-palette&#8220;][vc_column column_width_percent=&#8220;100&#8243; gutter_size=&#8220;3&#8243; overlay_alpha=&#8220;50&#8243; shift_x=&#8220;0&#8243; shift_y=&#8220;0&#8243; shift_y_down=&#8220;0&#8243; z_index=&#8220;0&#8243; medium_visibility=&#8220;yes&#8220; medium_width=&#8220;0&#8243; mobile_visibility=&#8220;yes&#8220; mobile_width=&#8220;0&#8243; width=&#8220;3\/12&#8243; uncode_shortcode_id=&#8220;127371&#8243;][\/vc_column][vc_column width=&#8220;9\/12&#8243;][vc_custom_heading text_font=&#8220;font-175345&#8243; text_size=&#8220;h3&#8243; text_weight=&#8220;400&#8243; text_height=&#8220;fontheight-357766&#8243; uncode_shortcode_id=&#8220;845951&#8243;]Designen wir zusammen[\/vc_custom_heading][vc_column_text uncode_shortcode_id=&#8220;106828&#8243;]Dank der Arbeit unserer Fachleute k\u00f6nnen Sie \u00e4u\u00dferst funktionelle Projekte immer zur Verf\u00fcgung haben, die sich an jede Art von Raum anpassen k\u00f6nnen. Wir <strong>werden jedes Detail lernen<\/strong>, um selbst die besonderen Situationen zu l\u00f6sen und befriedigen. Die Qualit\u00e4t unserer Produkte beginnt n\u00e4hmlich mit Design und Erfahrung.<br \/>\nEine L\u00f6sung von Pellegatta vernachl\u00e4ssigt niemals die Kundenzufriedenheit.[\/vc_column_text][\/vc_column][\/vc_row][vc_row row_height_percent=&#8220;0&#8243; override_padding=&#8220;yes&#8220; h_padding=&#8220;0&#8243; top_padding=&#8220;2&#8243; bottom_padding=&#8220;2&#8243; overlay_alpha=&#8220;50&#8243; gutter_size=&#8220;3&#8243; column_width_percent=&#8220;100&#8243; shift_y=&#8220;0&#8243; z_index=&#8220;0&#8243; uncode_shortcode_id=&#8220;482501&#8243;][vc_column column_width_percent=&#8220;100&#8243; gutter_size=&#8220;3&#8243; overlay_alpha=&#8220;50&#8243; shift_x=&#8220;0&#8243; shift_y=&#8220;0&#8243; shift_y_down=&#8220;0&#8243; z_index=&#8220;0&#8243; medium_visibility=&#8220;yes&#8220; medium_width=&#8220;0&#8243; mobile_visibility=&#8220;yes&#8220; mobile_width=&#8220;0&#8243; width=&#8220;1\/1&#8243; uncode_shortcode_id=&#8220;811114&#8243;][vc_single_image media=&#8220;108583&#8243; media_width_percent=&#8220;100&#8243; uncode_shortcode_id=&#8220;468472&#8243;][\/vc_column][\/vc_row][vc_row row_height_percent=&#8220;0&#8243; override_padding=&#8220;yes&#8220; h_padding=&#8220;2&#8243; top_padding=&#8220;2&#8243; bottom_padding=&#8220;2&#8243; back_color=&#8220;color-xsdn&#8220; overlay_alpha=&#8220;50&#8243; gutter_size=&#8220;4&#8243; column_width_percent=&#8220;100&#8243; shift_y=&#8220;0&#8243; z_index=&#8220;0&#8243; uncode_shortcode_id=&#8220;203008&#8243; back_color_type=&#8220;uncode-palette&#8220;][vc_column column_width_percent=&#8220;100&#8243; gutter_size=&#8220;3&#8243; overlay_alpha=&#8220;50&#8243; shift_x=&#8220;0&#8243; shift_y=&#8220;0&#8243; shift_y_down=&#8220;0&#8243; z_index=&#8220;0&#8243; medium_visibility=&#8220;yes&#8220; medium_width=&#8220;0&#8243; mobile_visibility=&#8220;yes&#8220; mobile_width=&#8220;0&#8243; width=&#8220;3\/12&#8243; uncode_shortcode_id=&#8220;127371&#8243;][\/vc_column][vc_column width=&#8220;9\/12&#8243;][vc_custom_heading text_font=&#8220;font-175345&#8243; text_size=&#8220;h3&#8243; text_weight=&#8220;400&#8243; text_height=&#8220;fontheight-357766&#8243; uncode_shortcode_id=&#8220;810624&#8243;]Flexibilit\u00e4t auch \u00fcber die Zeit[\/vc_custom_heading][vc_column_text uncode_shortcode_id=&#8220;190803&#8243;]Wenn Sie ein M\u00f6belst\u00fcck, das Sie bereits besitzen, in Ihren Raum stellen m\u00f6chten, k\u00f6nnen wir es lackieren und dekorieren. Wir k\u00f6nnen auch es perfekt in Ihre Umgebung einpassen.<br \/>\nWenn Sie umziehen oder renovieren wollen, wenn das neue Zimmer kleiner ist und zwei Schrankt\u00fcren entfernt werden m\u00fcssen und wenn Sie neue Zimmer f\u00fcr die Ankunft eines Babys wollen, k\u00f6nnen wir Ihre Ausstattung anpassen. Auf diese Wei\u00dfe f\u00fcgen wir hinzu, entfernen wir oder passen wir alle Elemente an, so k\u00f6nnen wir eine perfekte L\u00f6sung f\u00fcr Sie finden![\/vc_column_text][\/vc_column][\/vc_row][vc_row row_height_percent=&#8220;0&#8243; override_padding=&#8220;yes&#8220; h_padding=&#8220;2&#8243; top_padding=&#8220;3&#8243; bottom_padding=&#8220;3&#8243; overlay_alpha=&#8220;50&#8243; gutter_size=&#8220;4&#8243; column_width_percent=&#8220;100&#8243; shift_y=&#8220;0&#8243; z_index=&#8220;0&#8243;][vc_column column_width_percent=&#8220;100&#8243; gutter_size=&#8220;3&#8243; overlay_alpha=&#8220;50&#8243; shift_x=&#8220;0&#8243; shift_y=&#8220;0&#8243; shift_y_down=&#8220;0&#8243; z_index=&#8220;0&#8243; medium_visibility=&#8220;yes&#8220; medium_width=&#8220;0&#8243; mobile_visibility=&#8220;yes&#8220; mobile_width=&#8220;0&#8243; width=&#8220;1\/1&#8243; uncode_shortcode_id=&#8220;811114&#8243;][vc_separator sep_color=&#8220;accent&#8220; icon=&#8220;fa fa-pencil&#8220; uncode_shortcode_id=&#8220;764980&#8243; sep_color_type=&#8220;uncode-palette&#8220; el_height=&#8220;2&#8243; el_width=&#8220;2&#8243;][\/vc_column][\/vc_row][vc_row row_height_percent=&#8220;0&#8243; override_padding=&#8220;yes&#8220; h_padding=&#8220;2&#8243; top_padding=&#8220;2&#8243; bottom_padding=&#8220;2&#8243; overlay_alpha=&#8220;50&#8243; gutter_size=&#8220;4&#8243; column_width_percent=&#8220;100&#8243; shift_y=&#8220;0&#8243; z_index=&#8220;0&#8243; uncode_shortcode_id=&#8220;198138&#8243;][vc_column column_width_percent=&#8220;100&#8243; gutter_size=&#8220;3&#8243; overlay_alpha=&#8220;50&#8243; shift_x=&#8220;0&#8243; shift_y=&#8220;0&#8243; shift_y_down=&#8220;0&#8243; z_index=&#8220;0&#8243; medium_visibility=&#8220;yes&#8220; medium_width=&#8220;0&#8243; mobile_visibility=&#8220;yes&#8220; mobile_width=&#8220;0&#8243; width=&#8220;1\/1&#8243; uncode_shortcode_id=&#8220;811114&#8243;][vc_column_text uncode_shortcode_id=&#8220;745965&#8243;]<\/p>\n<p style=\"text-align: center;\"><style>.leform-form-12 .leform-element, .leform-progress-12 {padding:10px;}.leform-form-12, .leform-form-12 *, .leform-progress-12, .leform-tooltipster-content-12 {font-size:15px;color:#444444;font-weight:normal;font-style:normal;text-decoration:none;text-align:left;}.leform-inline .leform-form-12{background-color:transparent;background-image:none;border-width:0px;border-style:solid;border-radius:0px;border-top:none !important;border-left:none !important;border-right:none !important;border-bottom:none !important;box-shadow:none;padding-top:10px;padding-right:10px;padding-bottom:10px;padding-left:10px;}#leform-popup-12 .leform-form-12{background-color:#ffffff;background-image:none;border-width:0px;border-style:solid;border-radius:5px;border-top:none !important;border-left:none !important;border-right:none !important;border-bottom:none !important;box-shadow: 1px 1px 15px -5px #000000;padding-top:10px;padding-right:10px;padding-bottom:10px;padding-left:10px;}#leform-popup-12 .leform-popup-close {color:#ff9800} #leform-popup-12 .leform-popup-close:hover {color:#ffc107}.leform-form-12 .leform-element label.leform-label,.leform-form-12 .leform-element label.leform-label span.leform-required-symbol{font-size:16px;color:#444444;font-weight:bold;font-style:normal;text-decoration:none;text-align:left;}.leform-form-12 .leform-element label.leform-description,.leform-form-12 .leform-element label.leform-description span.leform-required-symbol{font-size:14px;color:#888888;font-weight:normal;font-style:italic;text-decoration:none;text-align:left;}.leform-form-12 .leform-element label.leform-label span.leform-required-symbol,.leform-form-12 .leform-element label.leform-description span.leform-required-symbol{color:#d9534f;font-weight:normal;font-style:normal;text-decoration:none;text-align:left;}.leform-form-12 .leform-element div.leform-input div.leform-signature-box span i{font-size:15px;color:#444444;font-weight:normal;font-style:normal;text-decoration:none;text-align:left;}.leform-form-12 .leform-element div.leform-input div.leform-signature-box,.leform-form-12 .leform-element div.leform-input div.leform-multiselect,.leform-form-12 .leform-element div.leform-input input[type='text'],.leform-form-12 .leform-element div.leform-input input[type='email'],.leform-form-12 .leform-element div.leform-input input[type='password'],.leform-form-12 .leform-element div.leform-input select,.leform-form-12 .leform-element div.leform-input select option,.leform-form-12 .leform-element div.leform-input textarea{font-size:15px;color:#444444;font-weight:normal;font-style:normal;text-decoration:none;text-align:left;background-color:#ffffff;background-image:none;border-width:1px;border-style:solid;border-color:#cccccc;border-radius:0px;box-shadow:none;}.leform-form-12 .leform-element div.leform-input ::placeholder{color:#444444; opacity: 0.9;} .leform-form-12 .leform-element div.leform-input ::-ms-input-placeholder{color:#444444; opacity: 0.9;}.leform-form-12 .leform-element div.leform-input div.leform-multiselect::-webkit-scrollbar-thumb{background-color:#cccccc;}.leform-form-12 .leform-element div.leform-input>i.leform-icon-left, .leform-form-12 .leform-element div.leform-input>i.leform-icon-right{font-size:20px;color:#444444;border-radius:0px;}.leform-form-12 .leform-element .leform-button,.leform-form-12 .leform-element .leform-button:visited{font-size:15px;color:#ffffff;font-weight:normal;font-style:normal;text-decoration:none;text-align:center;background-color:rgba(214, 58, 58, 1);background-image:none;border-width:1px;border-style:solid;border-color:rgba(214, 58, 58, 1);border-radius:0px;box-shadow:none;}.leform-form-12 .leform-element div.leform-input .leform-imageselect+label{border-width:1px;border-style:solid;border-color:#cccccc;border-radius:0px;box-shadow:none;}.leform-form-12 .leform-element div.leform-input .leform-imageselect+label span.leform-imageselect-label{font-size:15px;color:#444444;font-weight:normal;font-style:normal;text-decoration:none;text-align:left;}.leform-form-12 .leform-element div.leform-input input[type='checkbox'].leform-checkbox-tgl:checked+label:after{background-color:#ffffff;}.leform-form-12 .leform-element div.leform-input input[type='checkbox'].leform-checkbox-classic+label,.leform-form-12 .leform-element div.leform-input input[type='checkbox'].leform-checkbox-fa-check+label,.leform-form-12 .leform-element div.leform-input input[type='checkbox'].leform-checkbox-square+label,.leform-form-12 .leform-element div.leform-input input[type='checkbox'].leform-checkbox-tgl+label{background-color:#ffffff;border-color:#cccccc;color:#444444;}.leform-form-12 .leform-element div.leform-input input[type='checkbox'].leform-checkbox-square:checked+label:after{background-color:#444444;}.leform-form-12 .leform-element div.leform-input input[type='checkbox'].leform-checkbox-tgl:checked+label,.leform-form-12 .leform-element div.leform-input input[type='checkbox'].leform-checkbox-tgl+label:after{background-color:#444444;}.leform-form-12 .leform-element div.leform-input input[type='radio'].leform-radio-classic+label,.leform-form-12 .leform-element div.leform-input input[type='radio'].leform-radio-fa-check+label,.leform-form-12 .leform-element div.leform-input input[type='radio'].leform-radio-dot+label{background-color:#ffffff;border-color:#cccccc;color:#444444;}.leform-form-12 .leform-element div.leform-input input[type='radio'].leform-radio-dot:checked+label:after{background-color:#444444;}.leform-form-12 .leform-element div.leform-input div.leform-multiselect>input[type='checkbox']+label:hover{background-color:#26b99a;color:#ffffff;}.leform-form-12 .leform-element div.leform-input div.leform-multiselect>input[type='checkbox']:checked+label{background-color:#169f85;color:#ffffff;}.leform-form-12 .leform-element div.leform-input div.leform-multiselect{height:120px;}.leform-form-12 .leform-element input[type='checkbox'].leform-tile+label, .leform-form-12 .leform-element input[type='radio'].leform-tile+label {font-size:15px;color:#444444;font-weight:normal;font-style:normal;text-decoration:none;text-align:center;background-color:#ffffff;background-image:none;border-width:1px;border-style:solid;border-color:#cccccc;border-radius:0px;box-shadow:none;}.leform-form-12 .leform-element .leform-input .leform-element-error,.leform-uploader-error{font-size:15px;color:#ffffff;font-weight:normal;font-style:normal;text-decoration:none;text-align:left;background-color:#d9534f;background-image:none;}.leform-form-12 .leform-element-4 div.leform-input {height:160px; line-height:2.5;} .leform-form-12 .leform-element-4 div.leform-input textarea{line-height:1.4;}<\/style><div class=\"leform-inline leform-container\" style=\"max-width:720px;margin: 0 auto 0 auto;\"><div class=\"leform-form leform-form-12 leform-form-tNezqvSGBtLD529bw leform-form-input-medium leform-form-icon-inside leform-form-description-bottom\" data-session=\"0\" data-collapse=\"480\" data-id=\"tNezqvSGBtLD529bw\" data-form-id=\"12\" data-title=\"Progetta con Noi DE\" data-page=\"1\" data-xd=\"off\" data-tooltip-theme=\"dark\" style=\"display:none;\"><div class=\"leform-form-inner\"><div class='leform-element leform-element-7 leform-element-html' data-type='html'><h2 style=\"text-align: center;\"><span style=\"font-size: 36px; color: #ff0000;\"><strong>Entwerfen Sie mit uns<\/strong><\/span><\/h2>\n<p style=\"text-align: center;\">Schreiben Sie uns, wie Ihr Projekt aussehen soll, und f\u00fcgen Sie eine Zeichnung oder einen Grundriss des Raums bei.<\/p>\n<p style=\"text-align: center;\">Wir werden Sie so bald wie m\u00f6glich kontaktieren.<\/p><div class='leform-element-cover'><\/div><\/div><div class='leform-element leform-element-2 leform-element-label-top' data-type='text' data-deps='' data-id='2'><div class='leform-column-label'><label class='leform-label'>Name und Nachname<\/label><\/div><div class='leform-column-input'><div class='leform-input'><input type='text' name='leform-2' class='' placeholder='' autocomplete='name' data-default='' value='' aria-label='Name und Nachname' oninput='leform_input_changed(this);' onfocus='jQuery(this).closest(\".leform-input\").find(\".leform-element-error\").fadeOut(300, function(){jQuery(this).remove();});' \/><\/div><label class='leform-description'><\/label><\/div><\/div><div class='leform-element leform-element-9 leform-element-label-top' data-type='text' data-deps='' data-id='9'><div class='leform-column-label'><label class='leform-label'>Unternehmen<\/label><\/div><div class='leform-column-input'><div class='leform-input'><input type='text' name='leform-9' class='' placeholder='' autocomplete='name' data-default='' value='' aria-label='Unternehmen' oninput='leform_input_changed(this);' onfocus='jQuery(this).closest(\".leform-input\").find(\".leform-element-error\").fadeOut(300, function(){jQuery(this).remove();});' \/><\/div><label class='leform-description'><\/label><\/div><\/div><div class='leform-element leform-element-8 leform-element-label-top' data-type='email' data-deps='' data-id='8'><div class='leform-column-label'><label class='leform-label'>Email<\/label><\/div><div class='leform-column-input'><div class='leform-input leform-icon-left'><i class='leform-icon-left leform-fa leform-fa-envelope-o'><\/i><input type='email' name='leform-8' class='' placeholder='' autocomplete='email' data-default='' value='' aria-label='Email' oninput='leform_input_changed(this);' onfocus='jQuery(this).closest(\".leform-input\").find(\".leform-element-error\").fadeOut(300, function(){jQuery(this).remove();});' \/><\/div><label class='leform-description'><\/label><\/div><\/div><div class='leform-element leform-element-4 leform-element-label-top' data-type='textarea' data-deps='' data-id='4'><div class='leform-column-label'><label class='leform-label'>Verfassen von Projektspezifikationen<\/label><\/div><div class='leform-column-input'><div class='leform-input'><textarea name='leform-4' class='' placeholder='' aria-label='Verfassen von Projektspezifikationen' data-default='' oninput='leform_input_changed(this);' onfocus='jQuery(this).closest(\".leform-input\").find(\".leform-element-error\").fadeOut(300, function(){jQuery(this).remove();});'><\/textarea><\/div><label class='leform-description'><\/label><\/div><\/div><div class='leform-element leform-element-5 leform-element-label-left' data-type='file' data-deps='' data-id='5' data-max-files='3' data-max-files-error='Too many files.' data-max-size='10' data-max-size-error='Selected file is too big.' data-allowed-extensions='.gif,.jpg,.jpeg,.png' data-allowed-extensions-error='Selected file extension is not allowed.'><div class='leform-column-label leform-col-7'><label class='leform-label'>Bitte f\u00fcgen Sie eine Zeichnung oder einen Grundriss des Raums bei. (Pdf oder Jpg)<\/label><\/div><div class='leform-column-input leform-col-5'><div class='leform-upload-input'><div class='leform-uploader-files'><\/div><div class='leform-uploaders'><\/div><input type='hidden' class='leform-uploader-template' value='DQo8ZGl2IGNsYXNzPSJsZWZvcm0tdXBsb2FkZXIgbGVmb3JtLXRhLXJpZ2h0IiBpZD0iJSV1cGxvYWQtaWQlJSI+DQoJPGEgY2xhc3M9ImxlZm9ybS1idXR0b24gbGVmb3JtLWJ1dHRvbi16b29tLW91dCBsZWZvcm0tYnV0dG9uLWRlZmF1bHQgbGVmb3JtLWJ1dHRvbi1zbWFsbCAiIG9uY2xpY2s9ImpRdWVyeSh0aGlzKS5wYXJlbnQoKS5maW5kKCcubGVmb3JtLXVwbG9hZGVyLWVycm9yJykucmVtb3ZlKCk7IGpRdWVyeSh0aGlzKS5wYXJlbnQoKS5maW5kKCdpbnB1dFt0eXBlPWZpbGVdJykuY2xpY2soKTsgcmV0dXJuIGZhbHNlOyI+PHNwYW4+RG9rdW1lbnQgYW5ow6RuZ2VuPC9zcGFuPjxpIGNsYXNzPSdsZWZvcm0taWNvbi1yaWdodCBsZWZvcm0tZmEgbGVmb3JtLWZhLXVwbG9hZCc+PC9pPjwvYT4NCgk8ZGl2IGNsYXNzPSJsZWZvcm0tdXBsb2FkZXItZW5naW5lIj4NCgkJPGZvcm0gYWN0aW9uPSIlJWFqYXgtdXJsJSUiIG1ldGhvZD0iUE9TVCIgZW5jdHlwZT0ibXVsdGlwYXJ0L2Zvcm0tZGF0YSIgdGFyZ2V0PSJsZWZvcm0taWZyYW1lLSUldXBsb2FkLWlkJSUiIG9uc3VibWl0PSJyZXR1cm4gbGVmb3JtX3VwbG9hZGVyX3N0YXJ0KHRoaXMpOyIgc3R5bGU9ImRpc3BsYXk6IG5vbmUgIWltcG9ydGFudDsgd2lkdGg6IDAgIWltcG9ydGFudDsgaGVpZ2h0OiAwICFpbXBvcnRhbnQ7Ij4NCgkJCTxpbnB1dCB0eXBlPSJoaWRkZW4iIHZhbHVlPSIlJXVwbG9hZC1pZCUlIiBuYW1lPSJQSFBfU0VTU0lPTl9VUExPQURfUFJPR1JFU1MiIC8+DQoJCQk8aW5wdXQgdHlwZT0iaGlkZGVuIiBuYW1lPSJhY3Rpb24iIHZhbHVlPSJsZWZvcm0tdXBsb2FkIiAvPg0KCQkJPGlucHV0IHR5cGU9ImhpZGRlbiIgbmFtZT0idXBsb2FkLWlkIiB2YWx1ZT0iJSV1cGxvYWQtaWQlJSIgLz4NCgkJCTxpbnB1dCB0eXBlPSJoaWRkZW4iIG5hbWU9ImZvcm0taWQiIHZhbHVlPSIxMiIgLz4NCgkJCTxpbnB1dCB0eXBlPSJoaWRkZW4iIG5hbWU9ImVsZW1lbnQtaWQiIHZhbHVlPSI1IiAvPg0KCQkJPGlucHV0IHR5cGU9ImZpbGUiIG5hbWU9ImZpbGVzW10iIGFjY2VwdD0iLmdpZiwgLmpwZywgLmpwZWcsIC5wbmciIG11bHRpcGxlPSJtdWx0aXBsZSIgb25jaGFuZ2U9ImpRdWVyeSh0aGlzKS5wYXJlbnQoKS5zdWJtaXQoKTsiIHN0eWxlPSJkaXNwbGF5OiBub25lICFpbXBvcnRhbnQ7IHdpZHRoOiAwICFpbXBvcnRhbnQ7IGhlaWdodDogMCAhaW1wb3J0YW50OyIgLz4NCgkJCTxpbnB1dCB0eXBlPSJzdWJtaXQiIHZhbHVlPSJVcGxvYWQiIHN0eWxlPSJkaXNwbGF5OiBub25lICFpbXBvcnRhbnQ7IHdpZHRoOiAwICFpbXBvcnRhbnQ7IGhlaWdodDogMCAhaW1wb3J0YW50OyIgLz4NCgkJPC9mb3JtPg0KCQk8aWZyYW1lIGRhdGEtbG9hZGluZz0iZmFsc2UiIGlkPSJsZWZvcm0taWZyYW1lLSUldXBsb2FkLWlkJSUiIG5hbWU9ImxlZm9ybS1pZnJhbWUtJSV1cGxvYWQtaWQlJSIgc3JjPSJhYm91dDpibGFuayIgb25sb2FkPSJsZWZvcm1fdXBsb2FkZXJfZmluaXNoKHRoaXMpOyIgc3R5bGU9ImRpc3BsYXk6IG5vbmUgIWltcG9ydGFudDsgd2lkdGg6IDAgIWltcG9ydGFudDsgaGVpZ2h0OiAwICFpbXBvcnRhbnQ7Ij48L2lmcmFtZT4NCgk8L2Rpdj4NCjwvZGl2Pg==' \/><\/div><label class='leform-description'><\/label><\/div><\/div><div class='leform-element leform-element-6 leform-ta-center' data-type='button'><a class='leform-button leform-button-zoom-out leform-button-default leform-button-medium ' href='#' onclick='return leform_submit(this);' data-label='Senden Sie Ihre Projektanfrage' data-loading='Projekteinreichung in Arbeit...'><span>Senden Sie Ihre Projektanfrage<\/span><\/a><\/div><\/div><\/div><div class=\"leform-form leform-form-12 leform-form-tNezqvSGBtLD529bw leform-form-input-medium leform-form-icon-inside leform-form-description-bottom\" data-session=\"0\" data-collapse=\"480\" data-id=\"tNezqvSGBtLD529bw\" data-form-id=\"12\" data-title=\"Progetta con Noi DE\" data-page=\"confirmation\" data-xd=\"off\" data-tooltip-theme=\"dark\" style=\"display:none;\"><div class=\"leform-form-inner\"><div class='leform-element leform-element-0 leform-element-html' data-type='html'><h4 style=\"text-align: center;\">Ich danke Ihnen!<\/h4>\n<p style=\"text-align: center;\">Wir werden uns so schnell wie m\u00f6glich bei Ihnen melden.<\/p><div class='leform-element-cover'><\/div><\/div><\/div><\/div><input type=\"hidden\" id=\"leform-logic-tNezqvSGBtLD529bw\" value=\"[]\" \/><\/div>\n<p>[\/vc_column_text][\/vc_column][\/vc_row][vc_row row_height_percent=&#8220;0&#8243; override_padding=&#8220;yes&#8220; h_padding=&#8220;0&#8243; top_padding=&#8220;2&#8243; bottom_padding=&#8220;2&#8243; overlay_alpha=&#8220;50&#8243; gutter_size=&#8220;3&#8243; column_width_percent=&#8220;100&#8243; shift_y=&#8220;0&#8243; z_index=&#8220;0&#8243; uncode_shortcode_id=&#8220;176897&#8243;][vc_column column_width_percent=&#8220;100&#8243; gutter_size=&#8220;3&#8243; overlay_alpha=&#8220;50&#8243; shift_x=&#8220;0&#8243; shift_y=&#8220;0&#8243; shift_y_down=&#8220;0&#8243; z_index=&#8220;0&#8243; medium_visibility=&#8220;yes&#8220; medium_width=&#8220;0&#8243; mobile_visibility=&#8220;yes&#8220; mobile_width=&#8220;0&#8243; width=&#8220;1\/1&#8243; uncode_shortcode_id=&#8220;811114&#8243;][vc_single_image media=&#8220;103113&#8243; media_width_percent=&#8220;100&#8243; uncode_shortcode_id=&#8220;106992&#8243;][\/vc_column][\/vc_row]<\/p>\n","protected":false},"excerpt":{"rendered":"<p>[vc_row row_height_percent=&#8220;0&#8243; override_padding=&#8220;yes&#8220; h_padding=&#8220;2&#8243; top_padding=&#8220;2&#8243; bottom_padding=&#8220;2&#8243; back_color=&#8220;color-xsdn&#8220; overlay_alpha=&#8220;50&#8243; gutter_size=&#8220;4&#8243; column_width_percent=&#8220;100&#8243; shift_y=&#8220;0&#8243; z_index=&#8220;0&#8243; uncode_shortcode_id=&#8220;194358&#8243; back_color_type=&#8220;uncode-palette&#8220;][vc_column column_width_percent=&#8220;100&#8243; gutter_size=&#8220;3&#8243; overlay_alpha=&#8220;50&#8243; shift_x=&#8220;0&#8243; shift_y=&#8220;0&#8243; shift_y_down=&#8220;0&#8243; [&hellip;]<\/p>\n","protected":false},"author":5,"featured_media":0,"parent":0,"menu_order":0,"comment_status":"closed","ping_status":"closed","template":"","meta":{"footnotes":""},"class_list":["post-108173","page","type-page","status-publish","hentry"],"_links":{"self":[{"href":"https:\/\/www.pellegattamobili.com\/de\/wp-json\/wp\/v2\/pages\/108173","targetHints":{"allow":["GET"]}}],"collection":[{"href":"https:\/\/www.pellegattamobili.com\/de\/wp-json\/wp\/v2\/pages"}],"about":[{"href":"https:\/\/www.pellegattamobili.com\/de\/wp-json\/wp\/v2\/types\/page"}],"author":[{"embeddable":true,"href":"https:\/\/www.pellegattamobili.com\/de\/wp-json\/wp\/v2\/users\/5"}],"replies":[{"embeddable":true,"href":"https:\/\/www.pellegattamobili.com\/de\/wp-json\/wp\/v2\/comments?post=108173"}],"version-history":[{"count":5,"href":"https:\/\/www.pellegattamobili.com\/de\/wp-json\/wp\/v2\/pages\/108173\/revisions"}],"predecessor-version":[{"id":108597,"href":"https:\/\/www.pellegattamobili.com\/de\/wp-json\/wp\/v2\/pages\/108173\/revisions\/108597"}],"wp:attachment":[{"href":"https:\/\/www.pellegattamobili.com\/de\/wp-json\/wp\/v2\/media?parent=108173"}],"curies":[{"name":"wp","href":"https:\/\/api.w.org\/{rel}","templated":true}]}}