{"id":108167,"date":"2021-11-23T08:57:41","date_gmt":"2021-11-23T07:57:41","guid":{"rendered":"https:\/\/www.pellegattamobili.com\/perche\/"},"modified":"2022-12-20T15:34:46","modified_gmt":"2022-12-20T14:34:46","slug":"perche","status":"publish","type":"page","link":"https:\/\/www.pellegattamobili.com\/de\/perche\/","title":{"rendered":"Warum Pellegatta"},"content":{"rendered":"<p>[vc_row row_height_percent=&#8220;0&#8243; override_padding=&#8220;yes&#8220; h_padding=&#8220;2&#8243; top_padding=&#8220;2&#8243; bottom_padding=&#8220;2&#8243; back_color=&#8220;color-xsdn&#8220; overlay_alpha=&#8220;50&#8243; gutter_size=&#8220;4&#8243; column_width_percent=&#8220;100&#8243; shift_y=&#8220;0&#8243; z_index=&#8220;0&#8243; uncode_shortcode_id=&#8220;191862&#8243; back_color_type=&#8220;uncode-palette&#8220;][vc_column column_width_percent=&#8220;100&#8243; gutter_size=&#8220;3&#8243; overlay_alpha=&#8220;50&#8243; shift_x=&#8220;0&#8243; shift_y=&#8220;0&#8243; shift_y_down=&#8220;0&#8243; z_index=&#8220;0&#8243; medium_visibility=&#8220;yes&#8220; medium_width=&#8220;0&#8243; mobile_visibility=&#8220;yes&#8220; mobile_width=&#8220;0&#8243; width=&#8220;3\/12&#8243; uncode_shortcode_id=&#8220;127371&#8243;][\/vc_column][vc_column width=&#8220;9\/12&#8243;][vc_custom_heading heading_semantic=&#8220;h1&#8243; text_font=&#8220;font-175345&#8243; text_size=&#8220;fontsize-155944&#8243; text_weight=&#8220;400&#8243; text_height=&#8220;fontheight-357766&#8243; uncode_shortcode_id=&#8220;548211&#8243;]Warum Pellegatta?[\/vc_custom_heading][\/vc_column][\/vc_row][vc_row row_height_percent=&#8220;0&#8243; override_padding=&#8220;yes&#8220; h_padding=&#8220;2&#8243; top_padding=&#8220;3&#8243; bottom_padding=&#8220;3&#8243; overlay_alpha=&#8220;50&#8243; gutter_size=&#8220;4&#8243; column_width_percent=&#8220;100&#8243; shift_y=&#8220;0&#8243; z_index=&#8220;0&#8243;][vc_column column_width_percent=&#8220;100&#8243; gutter_size=&#8220;3&#8243; overlay_alpha=&#8220;50&#8243; shift_x=&#8220;0&#8243; shift_y=&#8220;0&#8243; shift_y_down=&#8220;0&#8243; z_index=&#8220;0&#8243; medium_visibility=&#8220;yes&#8220; medium_width=&#8220;0&#8243; mobile_visibility=&#8220;yes&#8220; mobile_width=&#8220;0&#8243; width=&#8220;3\/12&#8243; uncode_shortcode_id=&#8220;811114&#8243;][\/vc_column][vc_column column_width_percent=&#8220;100&#8243; gutter_size=&#8220;3&#8243; font_family=&#8220;font-175345&#8243; overlay_alpha=&#8220;50&#8243; shift_x=&#8220;0&#8243; shift_y=&#8220;0&#8243; shift_y_down=&#8220;0&#8243; z_index=&#8220;0&#8243; medium_width=&#8220;0&#8243; mobile_width=&#8220;0&#8243; width=&#8220;6\/12&#8243; uncode_shortcode_id=&#8220;206080&#8243;][vc_custom_heading text_font=&#8220;font-175345&#8243; text_size=&#8220;h3&#8243; text_weight=&#8220;400&#8243; text_height=&#8220;fontheight-357766&#8243; uncode_shortcode_id=&#8220;158557&#8243;]Die Qualit\u00e4t ist das Resultat von Handarbeit[\/vc_custom_heading][vc_column_text uncode_shortcode_id=&#8220;146752&#8243;]Jedes Produkt wird von erfahrenen Fachleuten handgefertigt, die jedem produzierten St\u00fcck einen einzigartigen Geschmack verleihen. Solche Handarbeit macht das M\u00f6belst\u00fcck zu einem \u201cUnikat\u201d, das sich von allen anderen unterscheidet. Es handelt sich von einem M\u00f6belst\u00fcck, das im Laufe der Zeit immer \u00e4sthetisch und funktional ist.[\/vc_column_text][vc_single_image media=&#8220;103103&#8243; media_width_percent=&#8220;100&#8243; media_ratio=&#8220;two-one&#8220; uncode_shortcode_id=&#8220;180357&#8243;][vc_custom_heading text_font=&#8220;font-175345&#8243; text_size=&#8220;h3&#8243; text_weight=&#8220;400&#8243; text_height=&#8220;fontheight-357766&#8243; uncode_shortcode_id=&#8220;118663&#8243;]Ein Zimmer ganz f\u00fcr Sie![\/vc_custom_heading][vc_column_text uncode_shortcode_id=&#8220;116871&#8243;]Ein wertvolles und total handgefertigtes Schlafzimmer erm\u00f6glicht Flexibilit\u00e4t bei der Konstruktion und der Fertigstellungsarbeiten. Sie k\u00f6nnen alle Elemente unserer Zimmer je nach der Gr\u00f6\u00dfe Ihres Zimmers, der Stellung Ihrer M\u00f6bel und Ihrem pers\u00f6nlichen Geschmack \u00e4ndern. Die Dekoration des Namens ist ein sehr gesch\u00e4tztes Detail. Bitten Sie uns um eine Simulation auf einem Produkt und wir zeigen Ihnen gerne ein Muster[\/vc_column_text][\/vc_column][vc_column column_width_percent=&#8220;100&#8243; gutter_size=&#8220;3&#8243; overlay_alpha=&#8220;50&#8243; shift_x=&#8220;0&#8243; shift_y=&#8220;0&#8243; shift_y_down=&#8220;0&#8243; z_index=&#8220;0&#8243; medium_visibility=&#8220;yes&#8220; medium_width=&#8220;0&#8243; mobile_visibility=&#8220;yes&#8220; mobile_width=&#8220;0&#8243; width=&#8220;3\/12&#8243; uncode_shortcode_id=&#8220;151921&#8243;][\/vc_column][\/vc_row][vc_row row_height_percent=&#8220;0&#8243; override_padding=&#8220;yes&#8220; h_padding=&#8220;2&#8243; top_padding=&#8220;5&#8243; bottom_padding=&#8220;5&#8243; overlay_alpha=&#8220;50&#8243; gutter_size=&#8220;4&#8243; column_width_percent=&#8220;100&#8243; shift_y=&#8220;0&#8243; z_index=&#8220;0&#8243; enable_top_divider=&#8220;default&#8220; top_divider=&#8220;step_3_4&#8243; shape_top_flip=&#8220;yes&#8220; shape_top_h_use_pixel=&#8220;true&#8220; shape_top_height_percent=&#8220;100&#8243; shape_top_color=&#8220;color-lxmt&#8220; shape_top_opacity=&#8220;100&#8243; shape_top_index=&#8220;0&#8243; uncode_shortcode_id=&#8220;129325&#8243; shape_top_color_type=&#8220;uncode-palette&#8220;][vc_column column_width_percent=&#8220;100&#8243; position_vertical=&#8220;middle&#8220; gutter_size=&#8220;3&#8243; font_family=&#8220;font-175345&#8243; overlay_alpha=&#8220;50&#8243; shift_x=&#8220;0&#8243; shift_y=&#8220;0&#8243; shift_y_down=&#8220;0&#8243; z_index=&#8220;0&#8243; medium_width=&#8220;4&#8243; mobile_width=&#8220;0&#8243; parallax_intensity=&#8220;5&#8243; width=&#8220;5\/12&#8243; uncode_shortcode_id=&#8220;163249&#8243;][vc_single_image media=&#8220;103106&#8243; media_width_percent=&#8220;100&#8243; media_ratio=&#8220;three-two&#8220; uncode_shortcode_id=&#8220;995418&#8243;][\/vc_column][vc_column column_width_percent=&#8220;100&#8243; gutter_size=&#8220;3&#8243; overlay_alpha=&#8220;50&#8243; shift_x=&#8220;0&#8243; shift_y=&#8220;0&#8243; shift_y_down=&#8220;0&#8243; z_index=&#8220;0&#8243; medium_width=&#8220;4&#8243; mobile_width=&#8220;0&#8243; parallax_intensity=&#8220;2&#8243; width=&#8220;7\/12&#8243; uncode_shortcode_id=&#8220;488521&#8243;][vc_single_image media=&#8220;103297&#8243; media_width_percent=&#8220;100&#8243; uncode_shortcode_id=&#8220;649401&#8243;][vc_custom_heading text_font=&#8220;font-175345&#8243; text_size=&#8220;h3&#8243; text_weight=&#8220;400&#8243; text_height=&#8220;fontheight-357766&#8243; uncode_shortcode_id=&#8220;703901&#8243;]Wir schenken Emotionen[\/vc_custom_heading][vc_column_text uncode_shortcode_id=&#8220;890933&#8243;]Wer ein Schlafzimmer kauft, sucht der einen Traum, einen besonderen Ort von positiven Erlebnissen, eine Ecke von angenehmen Erinnerungen in einer romantischen Atmosph\u00e4re. Aber das Schlafzimmer ist auch ein Ort, wo man w\u00e4chst und die eigene Kreativit\u00e4t und Pers\u00f6nlichkeit ausdr\u00fccken kann.<\/p>\n<p>Unsere Handwerksmeister k\u00f6nnen ein Schlafzimmer in ein Traumerlebnis zu verwandeln. Es wird zu einem besonderen Ort, damit man Gef\u00fchle und Sehns\u00fcchte wiederentdecken kann.[\/vc_column_text][\/vc_column][\/vc_row][vc_row row_height_percent=&#8220;0&#8243; override_padding=&#8220;yes&#8220; h_padding=&#8220;2&#8243; top_padding=&#8220;3&#8243; bottom_padding=&#8220;3&#8243; overlay_alpha=&#8220;50&#8243; gutter_size=&#8220;4&#8243; column_width_percent=&#8220;100&#8243; shift_y=&#8220;0&#8243; z_index=&#8220;0&#8243;][vc_column column_width_percent=&#8220;100&#8243; gutter_size=&#8220;3&#8243; overlay_alpha=&#8220;50&#8243; shift_x=&#8220;0&#8243; shift_y=&#8220;0&#8243; shift_y_down=&#8220;0&#8243; z_index=&#8220;0&#8243; medium_visibility=&#8220;yes&#8220; medium_width=&#8220;0&#8243; mobile_visibility=&#8220;yes&#8220; mobile_width=&#8220;0&#8243; width=&#8220;3\/12&#8243; uncode_shortcode_id=&#8220;811114&#8243;][\/vc_column][vc_column column_width_percent=&#8220;100&#8243; gutter_size=&#8220;3&#8243; font_family=&#8220;font-175345&#8243; overlay_alpha=&#8220;50&#8243; shift_x=&#8220;0&#8243; shift_y=&#8220;0&#8243; shift_y_down=&#8220;0&#8243; z_index=&#8220;0&#8243; medium_width=&#8220;0&#8243; mobile_width=&#8220;0&#8243; width=&#8220;6\/12&#8243; uncode_shortcode_id=&#8220;116554&#8243;][vc_custom_heading text_font=&#8220;font-175345&#8243; text_size=&#8220;h3&#8243; text_weight=&#8220;400&#8243; text_height=&#8220;fontheight-357766&#8243; uncode_shortcode_id=&#8220;148671&#8243;]Alte Verfahren und zertifizierte \u00f6kologische Materialien[\/vc_custom_heading][vc_column_text uncode_shortcode_id=&#8220;208615&#8243;]Die Tradition der \u201cHandarbeit\u201d hindert uns nicht daran, Innovation zu folgen, um alles funktionaler zu machen. Die von uns zum Streichen und Dekorieren unserer M\u00f6bel verwendeten Produkten sind ohne Schwermetallen und werden gewissenhaft kontrolliert, um Ihnen einen gesunden und sicheren Raum zu gew\u00e4hrleisten. Die europ\u00e4ischen Rechtsvorschriften, die weltweit an der Spitze steht, ist das Kriterium, das unsere Liefer- und Sicherheitsentscheidungen leitet.<\/p>\n<p>Pellegatta Mobili engagiert sich seit Jahren f\u00fcr den Umweltschutz sowohl durch die Verwendung weniger invasiver Pflanzen und Verarbeitungstechniken als auch durch die Sensibilisierung von Lieferanten und Mitarbeitern. Das verwendete Holz kommt aus zertifizierten W\u00e4ldern, deren Bewaldung streng kontrolliert wird. Aus diesem Grund w\u00e4hlen wir nur FSC-Lieferanten aus.<\/p>\n<p>Unsere dauerhaften M\u00f6bel garantieren den Respekt vor den nat\u00fcrlichen Ressourcen, die durch den \u201cWegwerf\u201d-Konsum (und die Produktion) bedroht sind.[\/vc_column_text][\/vc_column][vc_column column_width_percent=&#8220;100&#8243; gutter_size=&#8220;3&#8243; overlay_alpha=&#8220;50&#8243; shift_x=&#8220;0&#8243; shift_y=&#8220;0&#8243; shift_y_down=&#8220;0&#8243; z_index=&#8220;0&#8243; medium_width=&#8220;0&#8243; mobile_width=&#8220;0&#8243; width=&#8220;3\/12&#8243; uncode_shortcode_id=&#8220;169155&#8243;][vc_single_image media=&#8220;103239&#8243; media_width_use_pixel=&#8220;yes&#8220; alignment=&#8220;center&#8220; uncode_shortcode_id=&#8220;167378&#8243;][vc_single_image media=&#8220;103231&#8243; media_width_use_pixel=&#8220;yes&#8220; media_ratio=&#8220;one-one&#8220; alignment=&#8220;center&#8220; uncode_shortcode_id=&#8220;161315&#8243;][\/vc_column][\/vc_row]<\/p>\n","protected":false},"excerpt":{"rendered":"<p>[vc_row row_height_percent=&#8220;0&#8243; override_padding=&#8220;yes&#8220; h_padding=&#8220;2&#8243; top_padding=&#8220;2&#8243; bottom_padding=&#8220;2&#8243; back_color=&#8220;color-xsdn&#8220; overlay_alpha=&#8220;50&#8243; gutter_size=&#8220;4&#8243; column_width_percent=&#8220;100&#8243; shift_y=&#8220;0&#8243; z_index=&#8220;0&#8243; uncode_shortcode_id=&#8220;191862&#8243; back_color_type=&#8220;uncode-palette&#8220;][vc_column column_width_percent=&#8220;100&#8243; gutter_size=&#8220;3&#8243; overlay_alpha=&#8220;50&#8243; shift_x=&#8220;0&#8243; shift_y=&#8220;0&#8243; shift_y_down=&#8220;0&#8243; [&hellip;]<\/p>\n","protected":false},"author":5,"featured_media":0,"parent":0,"menu_order":0,"comment_status":"closed","ping_status":"closed","template":"","meta":{"footnotes":""},"class_list":["post-108167","page","type-page","status-publish","hentry"],"_links":{"self":[{"href":"https:\/\/www.pellegattamobili.com\/de\/wp-json\/wp\/v2\/pages\/108167","targetHints":{"allow":["GET"]}}],"collection":[{"href":"https:\/\/www.pellegattamobili.com\/de\/wp-json\/wp\/v2\/pages"}],"about":[{"href":"https:\/\/www.pellegattamobili.com\/de\/wp-json\/wp\/v2\/types\/page"}],"author":[{"embeddable":true,"href":"https:\/\/www.pellegattamobili.com\/de\/wp-json\/wp\/v2\/users\/5"}],"replies":[{"embeddable":true,"href":"https:\/\/www.pellegattamobili.com\/de\/wp-json\/wp\/v2\/comments?post=108167"}],"version-history":[{"count":3,"href":"https:\/\/www.pellegattamobili.com\/de\/wp-json\/wp\/v2\/pages\/108167\/revisions"}],"predecessor-version":[{"id":108170,"href":"https:\/\/www.pellegattamobili.com\/de\/wp-json\/wp\/v2\/pages\/108167\/revisions\/108170"}],"wp:attachment":[{"href":"https:\/\/www.pellegattamobili.com\/de\/wp-json\/wp\/v2\/media?parent=108167"}],"curies":[{"name":"wp","href":"https:\/\/api.w.org\/{rel}","templated":true}]}}