{"id":108164,"date":"2021-03-19T11:24:19","date_gmt":"2021-03-19T10:24:19","guid":{"rendered":"https:\/\/www.pellegattamobili.com\/chi-siamo\/"},"modified":"2022-12-20T15:25:07","modified_gmt":"2022-12-20T14:25:07","slug":"chi-siamo","status":"publish","type":"page","link":"https:\/\/www.pellegattamobili.com\/de\/chi-siamo\/","title":{"rendered":"Pellegatta Stil"},"content":{"rendered":"<p>[vc_row row_height_percent=&#8220;0&#8243; override_padding=&#8220;yes&#8220; h_padding=&#8220;2&#8243; top_padding=&#8220;2&#8243; bottom_padding=&#8220;2&#8243; back_color=&#8220;color-xsdn&#8220; overlay_alpha=&#8220;50&#8243; gutter_size=&#8220;4&#8243; column_width_percent=&#8220;100&#8243; shift_y=&#8220;0&#8243; z_index=&#8220;0&#8243; uncode_shortcode_id=&#8220;127926&#8243; back_color_type=&#8220;uncode-palette&#8220;][vc_column column_width_percent=&#8220;100&#8243; gutter_size=&#8220;3&#8243; overlay_alpha=&#8220;50&#8243; shift_x=&#8220;0&#8243; shift_y=&#8220;0&#8243; shift_y_down=&#8220;0&#8243; z_index=&#8220;0&#8243; medium_visibility=&#8220;yes&#8220; medium_width=&#8220;0&#8243; mobile_visibility=&#8220;yes&#8220; mobile_width=&#8220;0&#8243; width=&#8220;3\/12&#8243; uncode_shortcode_id=&#8220;127371&#8243;][\/vc_column][vc_column width=&#8220;9\/12&#8243;][vc_custom_heading heading_semantic=&#8220;h1&#8243; text_font=&#8220;font-175345&#8243; text_size=&#8220;fontsize-155944&#8243; text_weight=&#8220;400&#8243; text_height=&#8220;fontheight-357766&#8243; uncode_shortcode_id=&#8220;847000&#8243;]Pellegatta, gestern, heute und morgen&#8230;[\/vc_custom_heading][\/vc_column][\/vc_row][vc_row unlock_row_content=&#8220;yes&#8220; row_height_percent=&#8220;0&#8243; override_padding=&#8220;yes&#8220; h_padding=&#8220;3&#8243; top_padding=&#8220;5&#8243; bottom_padding=&#8220;5&#8243; overlay_alpha=&#8220;50&#8243; gutter_size=&#8220;4&#8243; column_width_percent=&#8220;100&#8243; shift_y=&#8220;0&#8243; z_index=&#8220;0&#8243; enable_top_divider=&#8220;default&#8220; top_divider=&#8220;step_1_2&#8243; shape_top_h_use_pixel=&#8220;true&#8220; shape_top_height_percent=&#8220;100&#8243; shape_top_color=&#8220;color-lxmt&#8220; shape_top_opacity=&#8220;100&#8243; shape_top_index=&#8220;0&#8243;][vc_column column_width_percent=&#8220;100&#8243; position_vertical=&#8220;middle&#8220; gutter_size=&#8220;3&#8243; overlay_alpha=&#8220;50&#8243; shift_x=&#8220;0&#8243; shift_y=&#8220;0&#8243; shift_y_down=&#8220;0&#8243; z_index=&#8220;0&#8243; medium_width=&#8220;2&#8243; mobile_width=&#8220;0&#8243; parallax_intensity=&#8220;5&#8243; width=&#8220;2\/12&#8243; uncode_shortcode_id=&#8220;131797&#8243;][\/vc_column][vc_column column_width_percent=&#8220;100&#8243; gutter_size=&#8220;3&#8243; font_family=&#8220;font-175345&#8243; overlay_alpha=&#8220;50&#8243; shift_x=&#8220;0&#8243; shift_y=&#8220;0&#8243; shift_y_down=&#8220;0&#8243; z_index=&#8220;0&#8243; medium_width=&#8220;4&#8243; mobile_width=&#8220;0&#8243; parallax_intensity=&#8220;3&#8243; parallax_centered=&#8220;yes&#8220; width=&#8220;6\/12&#8243; uncode_shortcode_id=&#8220;200176&#8243;][vc_single_image media=&#8220;102929&#8243; media_width_percent=&#8220;100&#8243; media_ratio=&#8220;one-one&#8220; uncode_shortcode_id=&#8220;127193&#8243;][uncode_vertical_text text_align=&#8220;top&#8220; position=&#8220;right&#8220; flip=&#8220;yes&#8220; vertical_text_h_pos=&#8220;2&#8243; vertical_text_v_pos=&#8220;0&#8243; z_index=&#8220;0&#8243; uncode_shortcode_id=&#8220;454419&#8243;][\/uncode_vertical_text][\/vc_column][vc_column column_width_percent=&#8220;100&#8243; position_vertical=&#8220;middle&#8220; gutter_size=&#8220;3&#8243; overlay_alpha=&#8220;50&#8243; shift_x=&#8220;0&#8243; shift_y=&#8220;0&#8243; shift_y_down=&#8220;0&#8243; z_index=&#8220;0&#8243; medium_width=&#8220;2&#8243; mobile_width=&#8220;0&#8243; parallax_intensity=&#8220;2&#8243; parallax_centered=&#8220;yes&#8220; width=&#8220;4\/12&#8243; uncode_shortcode_id=&#8220;144856&#8243;][vc_single_image media=&#8220;102933&#8243; media_width_percent=&#8220;100&#8243; media_ratio=&#8220;three-two&#8220; uncode_shortcode_id=&#8220;887312&#8243;][vc_single_image media=&#8220;103086&#8243; media_width_percent=&#8220;100&#8243; media_ratio=&#8220;three-two&#8220; uncode_shortcode_id=&#8220;170642&#8243;][\/vc_column][\/vc_row][vc_row row_height_percent=&#8220;0&#8243; override_padding=&#8220;yes&#8220; h_padding=&#8220;2&#8243; top_padding=&#8220;3&#8243; bottom_padding=&#8220;3&#8243; overlay_alpha=&#8220;50&#8243; gutter_size=&#8220;4&#8243; column_width_percent=&#8220;100&#8243; shift_y=&#8220;0&#8243; z_index=&#8220;0&#8243;][vc_column column_width_percent=&#8220;100&#8243; gutter_size=&#8220;3&#8243; overlay_alpha=&#8220;50&#8243; shift_x=&#8220;0&#8243; shift_y=&#8220;0&#8243; shift_y_down=&#8220;0&#8243; z_index=&#8220;0&#8243; medium_visibility=&#8220;yes&#8220; medium_width=&#8220;0&#8243; mobile_visibility=&#8220;yes&#8220; mobile_width=&#8220;0&#8243; width=&#8220;3\/12&#8243; uncode_shortcode_id=&#8220;811114&#8243;][\/vc_column][vc_column column_width_percent=&#8220;100&#8243; gutter_size=&#8220;3&#8243; font_family=&#8220;font-175345&#8243; overlay_alpha=&#8220;50&#8243; shift_x=&#8220;0&#8243; shift_y=&#8220;0&#8243; shift_y_down=&#8220;0&#8243; z_index=&#8220;0&#8243; medium_width=&#8220;0&#8243; mobile_width=&#8220;0&#8243; width=&#8220;6\/12&#8243; uncode_shortcode_id=&#8220;151687&#8243;][vc_custom_heading text_font=&#8220;font-175345&#8243; text_size=&#8220;h3&#8243; text_weight=&#8220;400&#8243; text_height=&#8220;fontheight-357766&#8243; uncode_shortcode_id=&#8220;184760&#8243;]Unsere Geschichte[\/vc_custom_heading][vc_column_text uncode_shortcode_id=&#8220;177774&#8243;]Ein Jahr nach der Ausrufung des italienischen K\u00f6nigreichs wurde <strong>1862 die Firma Pellegatta gegr\u00fcndet<\/strong>, die ma\u00dfgefertigte M\u00f6bel f\u00fcr die Mail\u00e4nder Adligen herstellte, die im Sommer am Comer See lebten. Bald machen die Qualit\u00e4t und Sch\u00f6nheit der Artefakte den Namen &#8222;Fratelli Pellegatta&#8220; ber\u00fchmt und die Handwerkswerkstatt verzeichnet Jahr f\u00fcr Jahr ein Wachstum der Kunden und liefert ihre M\u00f6bel in viele St\u00e4dte, von Mailand \u00fcber Turin bis in die Schweiz und an die Cote d&#8217;Azur in Frankreich.[\/vc_column_text][vc_custom_heading text_font=&#8220;font-175345&#8243; text_size=&#8220;h3&#8243; text_weight=&#8220;400&#8243; text_height=&#8220;fontheight-357766&#8243; uncode_shortcode_id=&#8220;148366&#8243;]Unsere Aufgabe[\/vc_custom_heading][vc_column_text uncode_shortcode_id=&#8220;237629&#8243;]&#8230; Pellegatta stellt M\u00f6bel her, damit sich jede Person gut f\u00fchlt und von der Umgebung vervollst\u00e4ndigt wird, wo sie lebt.<\/p>\n<p><strong>Das Schlafzimmer ist der intimste Raum im Haus<\/strong>, das Herz der im Laufe der Zeit gelebten Emotionen, der Spiegel unserer eigenen Seele und der Ort, wo man wachsen kann. Es dr\u00fcckt die innere Welt der Person aus, die es bewohnt.<\/p>\n<p>Von hier aus produzieren wir unsere M\u00f6bel mit den gleichen F\u00e4higkeiten und der gleichen Leidenschaft, die uns seit \u00fcber 160 Jahren leiten.<\/p>\n<p>Wir realisieren Kinderzimmer f\u00fcr Jungen und M\u00e4dchen sowie Doppelzimmer und Einrichtungsgegenst\u00e4nde mit hochwertigen Materialien: solide, langlebig im Laufe der Zeit und damit umweltfreundlicher, da unsere Produktion keine Einwegproduktion ist.<\/p>\n<p>Um ein in vielen Verarbeitungsstufen handgefertigtes &#8222;Unikat&#8220; herzustellen, braucht man Fachhandwerker, die mit Leidenschaft arbeiten. Eine nachhaltige Welt besteht auch aus gl\u00fccklichen Menschen, die stolz auf die &#8222;<strong>sch\u00f6nen und gut gemachten M\u00f6bel<\/strong>&#8220; sind.[\/vc_column_text][\/vc_column][vc_column column_width_percent=&#8220;100&#8243; gutter_size=&#8220;3&#8243; overlay_alpha=&#8220;50&#8243; shift_x=&#8220;0&#8243; shift_y=&#8220;0&#8243; shift_y_down=&#8220;0&#8243; z_index=&#8220;0&#8243; medium_visibility=&#8220;yes&#8220; medium_width=&#8220;0&#8243; mobile_visibility=&#8220;yes&#8220; mobile_width=&#8220;0&#8243; width=&#8220;3\/12&#8243; uncode_shortcode_id=&#8220;151921&#8243;][\/vc_column][\/vc_row][vc_row row_height_percent=&#8220;0&#8243; override_padding=&#8220;yes&#8220; h_padding=&#8220;2&#8243; top_padding=&#8220;5&#8243; bottom_padding=&#8220;5&#8243; overlay_alpha=&#8220;50&#8243; gutter_size=&#8220;4&#8243; column_width_percent=&#8220;100&#8243; shift_y=&#8220;0&#8243; z_index=&#8220;0&#8243; enable_top_divider=&#8220;default&#8220; top_divider=&#8220;step_3_4&#8243; shape_top_flip=&#8220;yes&#8220; shape_top_h_use_pixel=&#8220;true&#8220; shape_top_height_percent=&#8220;100&#8243; shape_top_color=&#8220;color-lxmt&#8220; shape_top_opacity=&#8220;100&#8243; shape_top_index=&#8220;0&#8243;][vc_column column_width_percent=&#8220;100&#8243; position_vertical=&#8220;middle&#8220; gutter_size=&#8220;3&#8243; font_family=&#8220;font-175345&#8243; overlay_alpha=&#8220;50&#8243; shift_x=&#8220;0&#8243; shift_y=&#8220;0&#8243; shift_y_down=&#8220;0&#8243; z_index=&#8220;0&#8243; medium_width=&#8220;4&#8243; mobile_width=&#8220;0&#8243; parallax_intensity=&#8220;5&#8243; width=&#8220;5\/12&#8243; uncode_shortcode_id=&#8220;163249&#8243;][vc_single_image media=&#8220;102932&#8243; media_width_percent=&#8220;100&#8243; media_ratio=&#8220;three-two&#8220; uncode_shortcode_id=&#8220;820437&#8243;][uncode_vertical_text text_align=&#8220;top&#8220; vertical_text_h_pos=&#8220;-2&#8243; vertical_text_v_pos=&#8220;0&#8243; z_index=&#8220;0&#8243; uncode_shortcode_id=&#8220;242217&#8243;][\/uncode_vertical_text][vc_single_image media=&#8220;102928&#8243; media_width_percent=&#8220;100&#8243; media_ratio=&#8220;three-two&#8220; uncode_shortcode_id=&#8220;202445&#8243;][\/vc_column][vc_column column_width_percent=&#8220;100&#8243; gutter_size=&#8220;3&#8243; overlay_alpha=&#8220;50&#8243; shift_x=&#8220;0&#8243; shift_y=&#8220;0&#8243; shift_y_down=&#8220;0&#8243; z_index=&#8220;0&#8243; medium_width=&#8220;4&#8243; mobile_width=&#8220;0&#8243; parallax_intensity=&#8220;2&#8243; width=&#8220;7\/12&#8243; uncode_shortcode_id=&#8220;127041&#8243;][vc_row_inner limit_content=&#8220;&#8220;][vc_column_inner column_width_percent=&#8220;100&#8243; gutter_size=&#8220;3&#8243; overlay_alpha=&#8220;50&#8243; shift_x=&#8220;0&#8243; shift_y=&#8220;0&#8243; shift_y_down=&#8220;0&#8243; z_index=&#8220;0&#8243; medium_visibility=&#8220;yes&#8220; medium_width=&#8220;0&#8243; mobile_visibility=&#8220;yes&#8220; mobile_width=&#8220;0&#8243; width=&#8220;1\/3&#8243; uncode_shortcode_id=&#8220;750982&#8243;][\/vc_column_inner][vc_column_inner column_width_percent=&#8220;100&#8243; align_horizontal=&#8220;align_right&#8220; gutter_size=&#8220;3&#8243; overlay_alpha=&#8220;50&#8243; shift_x=&#8220;0&#8243; shift_y=&#8220;0&#8243; shift_y_down=&#8220;0&#8243; z_index=&#8220;0&#8243; medium_width=&#8220;0&#8243; mobile_width=&#8220;0&#8243; width=&#8220;2\/3&#8243;][vc_custom_heading heading_semantic=&#8220;h6&#8243; text_font=&#8220;font-175345&#8243; text_size=&#8220;h4&#8243; text_weight=&#8220;400&#8243; text_height=&#8220;fontheight-357766&#8243; uncode_shortcode_id=&#8220;135960&#8243;][\/vc_custom_heading][\/vc_column_inner][\/vc_row_inner][vc_single_image media=&#8220;102926&#8243; media_width_percent=&#8220;100&#8243; media_ratio=&#8220;one-one&#8220; uncode_shortcode_id=&#8220;146068&#8243;][\/vc_column][\/vc_row]<\/p>\n","protected":false},"excerpt":{"rendered":"<p>[vc_row row_height_percent=&#8220;0&#8243; override_padding=&#8220;yes&#8220; h_padding=&#8220;2&#8243; top_padding=&#8220;2&#8243; bottom_padding=&#8220;2&#8243; back_color=&#8220;color-xsdn&#8220; overlay_alpha=&#8220;50&#8243; gutter_size=&#8220;4&#8243; column_width_percent=&#8220;100&#8243; shift_y=&#8220;0&#8243; z_index=&#8220;0&#8243; uncode_shortcode_id=&#8220;127926&#8243; back_color_type=&#8220;uncode-palette&#8220;][vc_column column_width_percent=&#8220;100&#8243; gutter_size=&#8220;3&#8243; overlay_alpha=&#8220;50&#8243; shift_x=&#8220;0&#8243; shift_y=&#8220;0&#8243; shift_y_down=&#8220;0&#8243; [&hellip;]<\/p>\n","protected":false},"author":5,"featured_media":0,"parent":0,"menu_order":0,"comment_status":"closed","ping_status":"closed","template":"","meta":{"footnotes":""},"class_list":["post-108164","page","type-page","status-publish","hentry"],"_links":{"self":[{"href":"https:\/\/www.pellegattamobili.com\/de\/wp-json\/wp\/v2\/pages\/108164","targetHints":{"allow":["GET"]}}],"collection":[{"href":"https:\/\/www.pellegattamobili.com\/de\/wp-json\/wp\/v2\/pages"}],"about":[{"href":"https:\/\/www.pellegattamobili.com\/de\/wp-json\/wp\/v2\/types\/page"}],"author":[{"embeddable":true,"href":"https:\/\/www.pellegattamobili.com\/de\/wp-json\/wp\/v2\/users\/5"}],"replies":[{"embeddable":true,"href":"https:\/\/www.pellegattamobili.com\/de\/wp-json\/wp\/v2\/comments?post=108164"}],"version-history":[{"count":2,"href":"https:\/\/www.pellegattamobili.com\/de\/wp-json\/wp\/v2\/pages\/108164\/revisions"}],"predecessor-version":[{"id":108166,"href":"https:\/\/www.pellegattamobili.com\/de\/wp-json\/wp\/v2\/pages\/108164\/revisions\/108166"}],"wp:attachment":[{"href":"https:\/\/www.pellegattamobili.com\/de\/wp-json\/wp\/v2\/media?parent=108164"}],"curies":[{"name":"wp","href":"https:\/\/api.w.org\/{rel}","templated":true}]}}