{"id":108162,"date":"2021-11-23T09:00:09","date_gmt":"2021-11-23T08:00:09","guid":{"rendered":"https:\/\/www.pellegattamobili.com\/stile-2\/"},"modified":"2022-12-27T10:14:01","modified_gmt":"2022-12-27T09:14:01","slug":"stile","status":"publish","type":"page","link":"https:\/\/www.pellegattamobili.com\/de\/stile\/","title":{"rendered":"Der Pellegatta Stil"},"content":{"rendered":"<p>[vc_row unlock_row_content=&#8220;yes&#8220; row_height_percent=&#8220;0&#8243; override_padding=&#8220;yes&#8220; h_padding=&#8220;2&#8243; top_padding=&#8220;2&#8243; bottom_padding=&#8220;2&#8243; back_color=&#8220;color-xsdn&#8220; overlay_alpha=&#8220;50&#8243; gutter_size=&#8220;4&#8243; column_width_percent=&#8220;100&#8243; shift_y=&#8220;0&#8243; z_index=&#8220;0&#8243; uncode_shortcode_id=&#8220;491619&#8243; back_color_type=&#8220;uncode-palette&#8220;][vc_column column_width_percent=&#8220;100&#8243; gutter_size=&#8220;3&#8243; overlay_alpha=&#8220;50&#8243; shift_x=&#8220;0&#8243; shift_y=&#8220;0&#8243; shift_y_down=&#8220;0&#8243; z_index=&#8220;0&#8243; medium_visibility=&#8220;yes&#8220; medium_width=&#8220;0&#8243; mobile_visibility=&#8220;yes&#8220; mobile_width=&#8220;0&#8243; width=&#8220;3\/12&#8243; uncode_shortcode_id=&#8220;127371&#8243;][\/vc_column][vc_column width=&#8220;9\/12&#8243;][vc_custom_heading heading_semantic=&#8220;h1&#8243; text_font=&#8220;font-175345&#8243; text_size=&#8220;fontsize-155944&#8243; text_weight=&#8220;400&#8243; text_height=&#8220;fontheight-357766&#8243; uncode_shortcode_id=&#8220;747290&#8243;]Der Pellegatta Stil[\/vc_custom_heading][\/vc_column][\/vc_row][vc_row row_height_percent=&#8220;0&#8243; override_padding=&#8220;yes&#8220; h_padding=&#8220;2&#8243; top_padding=&#8220;5&#8243; bottom_padding=&#8220;5&#8243; overlay_alpha=&#8220;50&#8243; gutter_size=&#8220;4&#8243; column_width_percent=&#8220;100&#8243; shift_y=&#8220;0&#8243; z_index=&#8220;0&#8243; enable_top_divider=&#8220;default&#8220; top_divider=&#8220;step_3_4&#8243; shape_top_flip=&#8220;yes&#8220; shape_top_h_use_pixel=&#8220;true&#8220; shape_top_height_percent=&#8220;100&#8243; shape_top_color=&#8220;color-lxmt&#8220; shape_top_opacity=&#8220;100&#8243; shape_top_index=&#8220;0&#8243;][vc_column column_width_percent=&#8220;100&#8243; position_vertical=&#8220;middle&#8220; gutter_size=&#8220;3&#8243; font_family=&#8220;font-175345&#8243; overlay_alpha=&#8220;50&#8243; shift_x=&#8220;0&#8243; shift_y=&#8220;0&#8243; shift_y_down=&#8220;0&#8243; z_index=&#8220;0&#8243; medium_width=&#8220;4&#8243; mobile_width=&#8220;0&#8243; parallax_intensity=&#8220;5&#8243; width=&#8220;5\/12&#8243; uncode_shortcode_id=&#8220;163249&#8243;][vc_single_image media=&#8220;102996&#8243; media_width_percent=&#8220;100&#8243; media_ratio=&#8220;three-two&#8220; uncode_shortcode_id=&#8220;357866&#8243;][uncode_vertical_text text_align=&#8220;top&#8220; vertical_text_h_pos=&#8220;-2&#8243; vertical_text_v_pos=&#8220;0&#8243; z_index=&#8220;0&#8243; uncode_shortcode_id=&#8220;524734&#8243;][\/uncode_vertical_text][vc_single_image media=&#8220;103089&#8243; media_width_percent=&#8220;100&#8243; media_ratio=&#8220;three-two&#8220; uncode_shortcode_id=&#8220;804673&#8243;][\/vc_column][vc_column column_width_percent=&#8220;100&#8243; gutter_size=&#8220;3&#8243; overlay_alpha=&#8220;50&#8243; shift_x=&#8220;0&#8243; shift_y=&#8220;0&#8243; shift_y_down=&#8220;0&#8243; z_index=&#8220;0&#8243; medium_width=&#8220;4&#8243; mobile_width=&#8220;0&#8243; parallax_intensity=&#8220;2&#8243; width=&#8220;7\/12&#8243; uncode_shortcode_id=&#8220;127041&#8243;][vc_row_inner limit_content=&#8220;&#8220;][vc_column_inner column_width_percent=&#8220;100&#8243; gutter_size=&#8220;3&#8243; overlay_alpha=&#8220;50&#8243; shift_x=&#8220;0&#8243; shift_y=&#8220;0&#8243; shift_y_down=&#8220;0&#8243; z_index=&#8220;0&#8243; medium_visibility=&#8220;yes&#8220; medium_width=&#8220;0&#8243; mobile_visibility=&#8220;yes&#8220; mobile_width=&#8220;0&#8243; width=&#8220;1\/3&#8243; uncode_shortcode_id=&#8220;142445&#8243;][\/vc_column_inner][vc_column_inner column_width_percent=&#8220;100&#8243; align_horizontal=&#8220;align_right&#8220; gutter_size=&#8220;3&#8243; overlay_alpha=&#8220;50&#8243; shift_x=&#8220;0&#8243; shift_y=&#8220;0&#8243; shift_y_down=&#8220;0&#8243; z_index=&#8220;0&#8243; medium_width=&#8220;0&#8243; mobile_width=&#8220;0&#8243; width=&#8220;2\/3&#8243;][vc_custom_heading heading_semantic=&#8220;h6&#8243; text_font=&#8220;font-175345&#8243; text_size=&#8220;h4&#8243; text_weight=&#8220;400&#8243; text_height=&#8220;fontheight-357766&#8243; uncode_shortcode_id=&#8220;208395&#8243;][\/vc_custom_heading][\/vc_column_inner][\/vc_row_inner][vc_single_image media=&#8220;102992&#8243; media_width_percent=&#8220;100&#8243; media_ratio=&#8220;one-one&#8220; uncode_shortcode_id=&#8220;494233&#8243;][\/vc_column][\/vc_row][vc_row row_height_percent=&#8220;0&#8243; override_padding=&#8220;yes&#8220; h_padding=&#8220;2&#8243; top_padding=&#8220;3&#8243; bottom_padding=&#8220;3&#8243; overlay_alpha=&#8220;50&#8243; gutter_size=&#8220;4&#8243; column_width_percent=&#8220;100&#8243; shift_y=&#8220;0&#8243; z_index=&#8220;0&#8243;][vc_column column_width_percent=&#8220;100&#8243; gutter_size=&#8220;3&#8243; overlay_alpha=&#8220;50&#8243; shift_x=&#8220;0&#8243; shift_y=&#8220;0&#8243; shift_y_down=&#8220;0&#8243; z_index=&#8220;0&#8243; medium_visibility=&#8220;yes&#8220; medium_width=&#8220;0&#8243; mobile_visibility=&#8220;yes&#8220; mobile_width=&#8220;0&#8243; width=&#8220;3\/12&#8243; uncode_shortcode_id=&#8220;811114&#8243;][\/vc_column][vc_column column_width_percent=&#8220;100&#8243; gutter_size=&#8220;3&#8243; font_family=&#8220;font-175345&#8243; overlay_alpha=&#8220;50&#8243; shift_x=&#8220;0&#8243; shift_y=&#8220;0&#8243; shift_y_down=&#8220;0&#8243; z_index=&#8220;0&#8243; medium_width=&#8220;0&#8243; mobile_width=&#8220;0&#8243; width=&#8220;6\/12&#8243; uncode_shortcode_id=&#8220;151687&#8243;][vc_custom_heading text_font=&#8220;font-175345&#8243; text_size=&#8220;h3&#8243; text_weight=&#8220;400&#8243; text_height=&#8220;fontheight-357766&#8243; uncode_shortcode_id=&#8220;109485&#8243;]Wir k\u00f6nnen \u00fcber &#8222;Pellegatta-Stil&#8220; sprechen[\/vc_custom_heading][vc_column_text uncode_shortcode_id=&#8220;167019&#8243;]Seit seiner Gr\u00fcndung, die auf die Entstehung des K\u00f6nigreichs in Italien zur\u00fcckgeht, haben wir den klassischen Stil mit Qualit\u00e4t, Sch\u00f6nheit und den besten Materialien und Eigenschaften aktuell gemacht.<br \/>\nUnsere kompromisslose Leidenschaft wird seit Generationen weitergegeben und garantiert heute L\u00f6sungen in absoluter Qualit\u00e4t mit zuverl\u00e4ssigen Dienstleistungen auf h\u00f6chstem Niveau vom Design bis zur Montage.<br \/>\nUm hervorragende Ausstattung zu garantieren, braucht man Erfahrung, Vorbereitung und Technologie, aber auch Liebe zu unserer Arbeit, Kultur und Tradition: Deshalb sind wir einzigartig.<br \/>\nWir sind immer der beste Partner f\u00fcr die Personen, die eine hohe Qualit\u00e4t von garantieren m\u00fcssen.<\/p>\n<p><strong>Nicht nur Schlafzimmer \u201cf\u00fcr das Haus\u201d<\/strong><\/p>\n<p>Wir sind immer eine Referenz f\u00fcr HOTELS und GRO\u00dfE HOTELS, THEATER, MUSEEN, BIBLIOTHEKEN und HISTORISCHE EINRICHTUNGEN, denen wir Kompetenz und Qualit\u00e4t in L\u00f6sungen und Dienstleistungen ohne \u00dcberraschungen garantieren.<br \/>\nErsetzung, Aufarbeitung oder komplette Ausstattung sind Herausforderungen, denen wir mit unserer besten Eigenschaft begegnen k\u00f6nnen. Es handelt sich um die Handwerkskunst unserer Mitarbeiter, die diese Tradition seit 150 Jahren fortf\u00fchren.[\/vc_column_text][\/vc_column][vc_column column_width_percent=&#8220;100&#8243; gutter_size=&#8220;3&#8243; overlay_alpha=&#8220;50&#8243; shift_x=&#8220;0&#8243; shift_y=&#8220;0&#8243; shift_y_down=&#8220;0&#8243; z_index=&#8220;0&#8243; medium_visibility=&#8220;yes&#8220; medium_width=&#8220;0&#8243; mobile_visibility=&#8220;yes&#8220; mobile_width=&#8220;0&#8243; width=&#8220;3\/12&#8243; uncode_shortcode_id=&#8220;151921&#8243;][\/vc_column][\/vc_row]<\/p>\n","protected":false},"excerpt":{"rendered":"<p>[vc_row unlock_row_content=&#8220;yes&#8220; row_height_percent=&#8220;0&#8243; override_padding=&#8220;yes&#8220; h_padding=&#8220;2&#8243; top_padding=&#8220;2&#8243; bottom_padding=&#8220;2&#8243; back_color=&#8220;color-xsdn&#8220; overlay_alpha=&#8220;50&#8243; gutter_size=&#8220;4&#8243; column_width_percent=&#8220;100&#8243; shift_y=&#8220;0&#8243; z_index=&#8220;0&#8243; uncode_shortcode_id=&#8220;491619&#8243; back_color_type=&#8220;uncode-palette&#8220;][vc_column column_width_percent=&#8220;100&#8243; gutter_size=&#8220;3&#8243; overlay_alpha=&#8220;50&#8243; shift_x=&#8220;0&#8243; shift_y=&#8220;0&#8243; [&hellip;]<\/p>\n","protected":false},"author":5,"featured_media":0,"parent":0,"menu_order":0,"comment_status":"closed","ping_status":"closed","template":"","meta":{"footnotes":""},"class_list":["post-108162","page","type-page","status-publish","hentry"],"_links":{"self":[{"href":"https:\/\/www.pellegattamobili.com\/de\/wp-json\/wp\/v2\/pages\/108162","targetHints":{"allow":["GET"]}}],"collection":[{"href":"https:\/\/www.pellegattamobili.com\/de\/wp-json\/wp\/v2\/pages"}],"about":[{"href":"https:\/\/www.pellegattamobili.com\/de\/wp-json\/wp\/v2\/types\/page"}],"author":[{"embeddable":true,"href":"https:\/\/www.pellegattamobili.com\/de\/wp-json\/wp\/v2\/users\/5"}],"replies":[{"embeddable":true,"href":"https:\/\/www.pellegattamobili.com\/de\/wp-json\/wp\/v2\/comments?post=108162"}],"version-history":[{"count":4,"href":"https:\/\/www.pellegattamobili.com\/de\/wp-json\/wp\/v2\/pages\/108162\/revisions"}],"predecessor-version":[{"id":108410,"href":"https:\/\/www.pellegattamobili.com\/de\/wp-json\/wp\/v2\/pages\/108162\/revisions\/108410"}],"wp:attachment":[{"href":"https:\/\/www.pellegattamobili.com\/de\/wp-json\/wp\/v2\/media?parent=108162"}],"curies":[{"name":"wp","href":"https:\/\/api.w.org\/{rel}","templated":true}]}}